{"id":998,"date":"2023-11-13T10:08:33","date_gmt":"2023-11-13T09:08:33","guid":{"rendered":"https:\/\/big-huegelsheim.de\/?page_id=998"},"modified":"2023-11-15T17:41:40","modified_gmt":"2023-11-15T16:41:40","slug":"wir-sind-dabei","status":"publish","type":"page","link":"https:\/\/big-huegelsheim.de\/?page_id=998","title":{"rendered":"Wir sind dabei !"},"content":{"rendered":"\t\t<div data-elementor-type=\"wp-page\" data-elementor-id=\"998\" class=\"elementor elementor-998\">\n\t\t\t\t\t\t\t\t\t<section class=\"elementor-section elementor-top-section elementor-element elementor-element-8a4d6e3 elementor-section-boxed elementor-section-height-default elementor-section-height-default\" data-id=\"8a4d6e3\" data-element_type=\"section\">\n\t\t\t\t\t\t<div class=\"elementor-container elementor-column-gap-default\">\n\t\t\t\t\t<div class=\"elementor-column elementor-col-100 elementor-top-column elementor-element elementor-element-61e01b5\" data-id=\"61e01b5\" data-element_type=\"column\">\n\t\t\t<div class=\"elementor-widget-wrap elementor-element-populated\">\n\t\t\t\t\t\t\t\t<div class=\"elementor-element elementor-element-1fba13c elementor-widget elementor-widget-heading\" data-id=\"1fba13c\" data-element_type=\"widget\" data-widget_type=\"heading.default\">\n\t\t\t\t<div class=\"elementor-widget-container\">\n\t\t\t<h2 class=\"elementor-heading-title elementor-size-default\">Engagement f\u00fcr H\u00fcgelsheims Verkehrsplanung: Aktive Teilnahme am \u201eRunden Tisch\u201c<\/h2>\t\t<\/div>\n\t\t\t\t<\/div>\n\t\t\t\t<div class=\"elementor-element elementor-element-ccec1be elementor-widget elementor-widget-text-editor\" data-id=\"ccec1be\" data-element_type=\"widget\" data-widget_type=\"text-editor.default\">\n\t\t\t\t<div class=\"elementor-widget-container\">\n\t\t\t\t\t\t\t<p>Unsere gesammelten, f\u00fcr H\u00fcgelsheim wichtigen Bewertungskriterien haben wir in vielen Gespr\u00e4chen und Videokonferenzen Entscheidungstr\u00e4gern vorgetragen und diskutiert. So trafen wir uns zun\u00e4chst mit dem damaligen B\u00fcrgermeister Dehmelt, seiner Nachfolgerin Cee und auch dem Gemeinderat, um unsere Kriterien auf eine gemeinsame Linie abzustimmen<\/p><p>Nachdem aus verschiedenen Presseberichten bekannt wurde, dass es zur Findung einer neuen Vorzugsvariante unter Beteiligung von B\u00fcrgerinnen und B\u00fcrgern, amtlichen Vertretern des Landes, des Landkreises, der Kommunen und der Naturschutzverb\u00e4nde einen sogenannten \u201eRunden Tisch\u201c geben soll, haben wir uns zum Ziel gesetzt, an diesem Gremium aktiv teilnehmen zu k\u00f6nnen, um so die Interessen H\u00fcgelsheims mit einbringen, bzw. unterstreichen zu k\u00f6nnen.<\/p><p>Wir haben daraufhin mit den f\u00fcr unseren Kreis zust\u00e4ndigen Landtagsabgeordneten von B\u00fcndnis 90 die Gr\u00fcnen, CDU, SPD und FDP, sowie dem Dezernenten im Landratsamt, in Videokonferenzen zu unserem Thema vorgetragen und um Unterst\u00fctzung f\u00fcr die Teilnahme am \u201eRundenTisch\u201c geworben. Wir haben in dieser Angelegenheit auch den Verkehrsminister Herrmann angeschrieben und auch ihn gebeten, unsere B\u00fcrger-Interessengemeinschaft am Findungsprozess \u201eRunder Tisch\u201c mit teilhaben zu lassen. Nachdem unser Antrag nach Einf\u00fchrung des neuen Landrats Prof. Dr. Dusch, den wir in der Sache nat\u00fcrlich auch angeschrieben haben, dann im Lenkungskreis unter Beteiligung des Verkehrsministeriums BW, des Regierungspr\u00e4sidiums KA, des Landratsamts RA, des Zweckverbands S\u00f6llingen und der Gemeinde H\u00fcgelsheim beraten wurde, haben wir nun am 04.02.2022 eine Einladung zur Teilnahme am Arbeitskreis, dem sogenannten \u201eRunden Tisch\u201c erhalten.<\/p><p>Wir werden uns somit fortan auch in den 3 Arbeitsgruppen zu den Themen Umwelt, Sozio-\u00d6konomie und Verkehr aktiv mit einbringen k\u00f6nnen und sind auch an den Arbeitskreissitzungen mit einem Vertreter mit dabei. Der Arbeitskreis soll bestehende, wie auch neue Varianten unter Hinzunahme erforderlicher Fachgutachter untersuchen lassen. Anhand einer Bewertungsmatrix sind Vorteile, Konflikte, sowie L\u00f6sungsm\u00f6glichkeiten zu erarbeiten. Schlie\u00dflich ist noch in 2024 ein Abschlussbericht zu erstellen, der dem Lenkungskreis eine Vorzugsvariante zum weiteren Vorgehen empfehlen soll.<\/p><p>Die vorgeschlagene Variante muss den Zielen einer Verbesserung der stra\u00dfenverkehrlichen Anbindung des Baden-Airparks, der Entlastung der anliegenden Kommunen, insbesondere von H\u00fcgelsheim, vom Verkehr und den daraus resultierenden Belastungen gerecht werden. Dabei m\u00fcssen die Belange des Umwelt- und Naturschutzes ber\u00fccksichtigt werden. Die L\u00f6sung muss auch fl\u00e4chenschonend und verkehrlich funktional sein. Der Lenkungskreis wird dann den Bericht verabschieden und \u00fcber das weitere Vorgehen entscheiden. Es handelt sich beim \u201eRunden Tisch\u201c um einen Planungsprozess, der insgesamt unter Gremien-, Haushalts- und F\u00f6rdervorbehalt steht.<\/p><p>Wir freuen uns erstmal, an dem Projekt mitwirken und die Interessen von H\u00fcgelheim aktiv mit vertreten zu k\u00f6nnen!<\/p>\t\t\t\t\t\t<\/div>\n\t\t\t\t<\/div>\n\t\t\t\t\t<\/div>\n\t\t<\/div>\n\t\t\t\t\t\t\t<\/div>\n\t\t<\/section>\n\t\t\t\t\t\t\t<\/div>\n\t\t","protected":false},"excerpt":{"rendered":"<p>Engagement f\u00fcr H\u00fcgelsheims Verkehrsplanung: Aktive Teilnahme am \u201eRunden Tisch\u201c Unsere gesammelten, f\u00fcr H\u00fcgelsheim wichtigen Bewertungskriterien haben wir in vielen Gespr\u00e4chen und Videokonferenzen Entscheidungstr\u00e4gern vorgetragen und diskutiert. So trafen wir uns zun\u00e4chst mit dem damaligen B\u00fcrgermeister Dehmelt, seiner Nachfolgerin Cee und auch dem Gemeinderat, um unsere Kriterien auf eine gemeinsame Linie abzustimmen Nachdem aus verschiedenen Presseberichten &hellip; <\/p>\n<p class=\"link-more\"><a href=\"https:\/\/big-huegelsheim.de\/?page_id=998\" class=\"more-link\"><span class=\"screen-reader-text\">\u201eWir sind dabei !\u201c <\/span>weiterlesen<\/a><\/p>\n","protected":false},"author":3,"featured_media":0,"parent":0,"menu_order":0,"comment_status":"closed","ping_status":"closed","template":"","meta":{"footnotes":""},"class_list":["post-998","page","type-page","status-publish","hentry"],"yoast_head":"<!-- This site is optimized with the Yoast SEO plugin v24.9 - https:\/\/yoast.com\/wordpress\/plugins\/seo\/ -->\n<title>Wir sind dabei ! - BIG - H\u00fcgelsheim<\/title>\n<meta name=\"robots\" content=\"index, follow, max-snippet:-1, max-image-preview:large, max-video-preview:-1\" \/>\n<link rel=\"canonical\" href=\"https:\/\/big-huegelsheim.de\/?page_id=998\" \/>\n<meta property=\"og:locale\" content=\"de_DE\" \/>\n<meta property=\"og:type\" content=\"article\" \/>\n<meta property=\"og:title\" content=\"Wir sind dabei ! - BIG - H\u00fcgelsheim\" \/>\n<meta property=\"og:description\" content=\"Engagement f\u00fcr H\u00fcgelsheims Verkehrsplanung: Aktive Teilnahme am \u201eRunden Tisch\u201c Unsere gesammelten, f\u00fcr H\u00fcgelsheim wichtigen Bewertungskriterien haben wir in vielen Gespr\u00e4chen und Videokonferenzen Entscheidungstr\u00e4gern vorgetragen und diskutiert. So trafen wir uns zun\u00e4chst mit dem damaligen B\u00fcrgermeister Dehmelt, seiner Nachfolgerin Cee und auch dem Gemeinderat, um unsere Kriterien auf eine gemeinsame Linie abzustimmen Nachdem aus verschiedenen Presseberichten &hellip; \u201eWir sind dabei !\u201c weiterlesen\" \/>\n<meta property=\"og:url\" content=\"https:\/\/big-huegelsheim.de\/?page_id=998\" \/>\n<meta property=\"og:site_name\" content=\"BIG - H\u00fcgelsheim\" \/>\n<meta property=\"article:modified_time\" content=\"2023-11-15T16:41:40+00:00\" \/>\n<meta name=\"twitter:card\" content=\"summary_large_image\" \/>\n<meta name=\"twitter:label1\" content=\"Gesch\u00e4tzte Lesezeit\" \/>\n\t<meta name=\"twitter:data1\" content=\"3\u00a0Minuten\" \/>\n<script type=\"application\/ld+json\" class=\"yoast-schema-graph\">{\"@context\":\"https:\/\/schema.org\",\"@graph\":[{\"@type\":\"WebPage\",\"@id\":\"https:\/\/big-huegelsheim.de\/?page_id=998\",\"url\":\"https:\/\/big-huegelsheim.de\/?page_id=998\",\"name\":\"Wir sind dabei ! - BIG - H\u00fcgelsheim\",\"isPartOf\":{\"@id\":\"https:\/\/big-huegelsheim.de\/#website\"},\"datePublished\":\"2023-11-13T09:08:33+00:00\",\"dateModified\":\"2023-11-15T16:41:40+00:00\",\"breadcrumb\":{\"@id\":\"https:\/\/big-huegelsheim.de\/?page_id=998#breadcrumb\"},\"inLanguage\":\"de\",\"potentialAction\":[{\"@type\":\"ReadAction\",\"target\":[\"https:\/\/big-huegelsheim.de\/?page_id=998\"]}]},{\"@type\":\"BreadcrumbList\",\"@id\":\"https:\/\/big-huegelsheim.de\/?page_id=998#breadcrumb\",\"itemListElement\":[{\"@type\":\"ListItem\",\"position\":1,\"name\":\"Startseite\",\"item\":\"https:\/\/big-huegelsheim.de\/\"},{\"@type\":\"ListItem\",\"position\":2,\"name\":\"Wir sind dabei !\"}]},{\"@type\":\"WebSite\",\"@id\":\"https:\/\/big-huegelsheim.de\/#website\",\"url\":\"https:\/\/big-huegelsheim.de\/\",\"name\":\"BIG - H\u00fcgelsheim\",\"description\":\"B\u00fcrger Interessengemeinschaft Entwicklung H\u00fcgelsheim BIGH\",\"publisher\":{\"@id\":\"https:\/\/big-huegelsheim.de\/#organization\"},\"alternateName\":\"BIGH\",\"potentialAction\":[{\"@type\":\"SearchAction\",\"target\":{\"@type\":\"EntryPoint\",\"urlTemplate\":\"https:\/\/big-huegelsheim.de\/?s={search_term_string}\"},\"query-input\":{\"@type\":\"PropertyValueSpecification\",\"valueRequired\":true,\"valueName\":\"search_term_string\"}}],\"inLanguage\":\"de\"},{\"@type\":\"Organization\",\"@id\":\"https:\/\/big-huegelsheim.de\/#organization\",\"name\":\"BIG - H\u00fcgelsheim\",\"url\":\"https:\/\/big-huegelsheim.de\/\",\"logo\":{\"@type\":\"ImageObject\",\"inLanguage\":\"de\",\"@id\":\"https:\/\/big-huegelsheim.de\/#\/schema\/logo\/image\/\",\"url\":\"https:\/\/big-huegelsheim.de\/wp-content\/uploads\/2021\/05\/cropped-Laerm-e1621962532886.png\",\"contentUrl\":\"https:\/\/big-huegelsheim.de\/wp-content\/uploads\/2021\/05\/cropped-Laerm-e1621962532886.png\",\"width\":512,\"height\":512,\"caption\":\"BIG - H\u00fcgelsheim\"},\"image\":{\"@id\":\"https:\/\/big-huegelsheim.de\/#\/schema\/logo\/image\/\"}}]}<\/script>\n<!-- \/ Yoast SEO plugin. -->","yoast_head_json":{"title":"Wir sind dabei ! - BIG - H\u00fcgelsheim","robots":{"index":"index","follow":"follow","max-snippet":"max-snippet:-1","max-image-preview":"max-image-preview:large","max-video-preview":"max-video-preview:-1"},"canonical":"https:\/\/big-huegelsheim.de\/?page_id=998","og_locale":"de_DE","og_type":"article","og_title":"Wir sind dabei ! - BIG - H\u00fcgelsheim","og_description":"Engagement f\u00fcr H\u00fcgelsheims Verkehrsplanung: Aktive Teilnahme am \u201eRunden Tisch\u201c Unsere gesammelten, f\u00fcr H\u00fcgelsheim wichtigen Bewertungskriterien haben wir in vielen Gespr\u00e4chen und Videokonferenzen Entscheidungstr\u00e4gern vorgetragen und diskutiert. So trafen wir uns zun\u00e4chst mit dem damaligen B\u00fcrgermeister Dehmelt, seiner Nachfolgerin Cee und auch dem Gemeinderat, um unsere Kriterien auf eine gemeinsame Linie abzustimmen Nachdem aus verschiedenen Presseberichten &hellip; \u201eWir sind dabei !\u201c weiterlesen","og_url":"https:\/\/big-huegelsheim.de\/?page_id=998","og_site_name":"BIG - H\u00fcgelsheim","article_modified_time":"2023-11-15T16:41:40+00:00","twitter_card":"summary_large_image","twitter_misc":{"Gesch\u00e4tzte Lesezeit":"3\u00a0Minuten"},"schema":{"@context":"https:\/\/schema.org","@graph":[{"@type":"WebPage","@id":"https:\/\/big-huegelsheim.de\/?page_id=998","url":"https:\/\/big-huegelsheim.de\/?page_id=998","name":"Wir sind dabei ! - BIG - H\u00fcgelsheim","isPartOf":{"@id":"https:\/\/big-huegelsheim.de\/#website"},"datePublished":"2023-11-13T09:08:33+00:00","dateModified":"2023-11-15T16:41:40+00:00","breadcrumb":{"@id":"https:\/\/big-huegelsheim.de\/?page_id=998#breadcrumb"},"inLanguage":"de","potentialAction":[{"@type":"ReadAction","target":["https:\/\/big-huegelsheim.de\/?page_id=998"]}]},{"@type":"BreadcrumbList","@id":"https:\/\/big-huegelsheim.de\/?page_id=998#breadcrumb","itemListElement":[{"@type":"ListItem","position":1,"name":"Startseite","item":"https:\/\/big-huegelsheim.de\/"},{"@type":"ListItem","position":2,"name":"Wir sind dabei !"}]},{"@type":"WebSite","@id":"https:\/\/big-huegelsheim.de\/#website","url":"https:\/\/big-huegelsheim.de\/","name":"BIG - H\u00fcgelsheim","description":"B\u00fcrger Interessengemeinschaft Entwicklung H\u00fcgelsheim BIGH","publisher":{"@id":"https:\/\/big-huegelsheim.de\/#organization"},"alternateName":"BIGH","potentialAction":[{"@type":"SearchAction","target":{"@type":"EntryPoint","urlTemplate":"https:\/\/big-huegelsheim.de\/?s={search_term_string}"},"query-input":{"@type":"PropertyValueSpecification","valueRequired":true,"valueName":"search_term_string"}}],"inLanguage":"de"},{"@type":"Organization","@id":"https:\/\/big-huegelsheim.de\/#organization","name":"BIG - H\u00fcgelsheim","url":"https:\/\/big-huegelsheim.de\/","logo":{"@type":"ImageObject","inLanguage":"de","@id":"https:\/\/big-huegelsheim.de\/#\/schema\/logo\/image\/","url":"https:\/\/big-huegelsheim.de\/wp-content\/uploads\/2021\/05\/cropped-Laerm-e1621962532886.png","contentUrl":"https:\/\/big-huegelsheim.de\/wp-content\/uploads\/2021\/05\/cropped-Laerm-e1621962532886.png","width":512,"height":512,"caption":"BIG - H\u00fcgelsheim"},"image":{"@id":"https:\/\/big-huegelsheim.de\/#\/schema\/logo\/image\/"}}]}},"_links":{"self":[{"href":"https:\/\/big-huegelsheim.de\/index.php?rest_route=\/wp\/v2\/pages\/998","targetHints":{"allow":["GET"]}}],"collection":[{"href":"https:\/\/big-huegelsheim.de\/index.php?rest_route=\/wp\/v2\/pages"}],"about":[{"href":"https:\/\/big-huegelsheim.de\/index.php?rest_route=\/wp\/v2\/types\/page"}],"author":[{"embeddable":true,"href":"https:\/\/big-huegelsheim.de\/index.php?rest_route=\/wp\/v2\/users\/3"}],"replies":[{"embeddable":true,"href":"https:\/\/big-huegelsheim.de\/index.php?rest_route=%2Fwp%2Fv2%2Fcomments&post=998"}],"version-history":[{"count":40,"href":"https:\/\/big-huegelsheim.de\/index.php?rest_route=\/wp\/v2\/pages\/998\/revisions"}],"predecessor-version":[{"id":1443,"href":"https:\/\/big-huegelsheim.de\/index.php?rest_route=\/wp\/v2\/pages\/998\/revisions\/1443"}],"wp:attachment":[{"href":"https:\/\/big-huegelsheim.de\/index.php?rest_route=%2Fwp%2Fv2%2Fmedia&parent=998"}],"curies":[{"name":"wp","href":"https:\/\/api.w.org\/{rel}","templated":true}]}}