{"id":936,"date":"2023-11-12T14:52:37","date_gmt":"2023-11-12T13:52:37","guid":{"rendered":"https:\/\/big-huegelsheim.de\/?page_id=936"},"modified":"2025-11-03T13:36:49","modified_gmt":"2025-11-03T12:36:49","slug":"datenschutzerklaerung","status":"publish","type":"page","link":"https:\/\/big-huegelsheim.de\/?page_id=936","title":{"rendered":"Datenschutzerkl\u00e4rung und Impressum"},"content":{"rendered":"\t\t<div data-elementor-type=\"wp-page\" data-elementor-id=\"936\" class=\"elementor elementor-936\">\n\t\t\t\t\t\t\t\t\t<section class=\"elementor-section elementor-top-section elementor-element elementor-element-22578776 elementor-section-boxed elementor-section-height-default elementor-section-height-default\" data-id=\"22578776\" data-element_type=\"section\">\n\t\t\t\t\t\t<div class=\"elementor-container elementor-column-gap-default\">\n\t\t\t\t\t<div class=\"elementor-column elementor-col-100 elementor-top-column elementor-element elementor-element-3cc45fd2\" data-id=\"3cc45fd2\" data-element_type=\"column\">\n\t\t\t<div class=\"elementor-widget-wrap elementor-element-populated\">\n\t\t\t\t\t\t\t\t<div class=\"elementor-element elementor-element-65e1224b elementor-widget elementor-widget-text-editor\" data-id=\"65e1224b\" data-element_type=\"widget\" data-widget_type=\"text-editor.default\">\n\t\t\t\t<div class=\"elementor-widget-container\">\n\t\t\t\t\t\t\t<p><!-- wp:heading --><\/p>\n<h2>Wer wir sind<\/h2>\n<p><!-- \/wp:heading --><!-- wp:paragraph --><\/p>\n<p><strong>BIGH<\/strong> &#8211; <strong>B<\/strong>\u00fcrger <strong>I<\/strong>nteressen <strong>G<\/strong>emeinschaft Entwicklung <strong>H<\/strong>\u00fcgelsheim<\/p>\n<p><!-- \/wp:paragraph --><!-- wp:paragraph --><\/p>\n<p>Die Adresse unserer Website ist: <strong>https:\/\/big-huegelsheim.de.<\/strong><\/p>\n<p><!-- \/wp:paragraph --><!-- wp:heading --><\/p>\n<h2>Kommentare<\/h2>\n<p><!-- \/wp:heading --><!-- wp:paragraph --><\/p>\n<p>Wenn Besucher Kommentare auf der Website schreiben, sammeln wir die Daten, die im Kommentar-Formular angezeigt werden, au\u00dferdem die IP-Adresse des Besuchers und den User-Agent-String (damit wird der Browser identifiziert), um die Erkennung von Spam zu unterst\u00fctzen.<\/p>\n<p><!-- \/wp:paragraph --><!-- wp:paragraph --><!-- \/wp:paragraph --><!-- wp:heading --><\/p>\n<h2>Cookies<\/h2>\n<p><!-- \/wp:heading --><!-- wp:paragraph --><\/p>\n<p>Wenn du einen Kommentar auf unserer Website schreibst, kann das eine Einwilligung sein, deinen Namen, E-Mail-Adresse und Website in Cookies zu speichern. Dies ist eine Komfortfunktion, damit du nicht, wenn du einen weiteren Kommentar schreibst, all diese Daten erneut eingeben musst. Diese Cookies werden ein Jahr lang gespeichert.<\/p>\n<p><!-- \/wp:paragraph --><!-- wp:paragraph --><!-- \/wp:paragraph --><!-- wp:heading --><\/p>\n<h2>Eingebettete Inhalte von anderen Websites<\/h2>\n<p><!-- \/wp:heading --><!-- wp:paragraph --><\/p>\n<p>Beitr\u00e4ge auf dieser Website k\u00f6nnen eingebettete Inhalte beinhalten (z.\u00a0B. Videos, Bilder, Beitr\u00e4ge etc.). Eingebettete Inhalte von anderen Websites verhalten sich exakt so, als ob der Besucher die andere Website besucht h\u00e4tte.<\/p>\n<p><!-- \/wp:paragraph --><!-- wp:paragraph --><\/p>\n<p>Diese Websites k\u00f6nnen Daten \u00fcber dich sammeln, Cookies benutzen, zus\u00e4tzliche Tracking-Dienste von Dritten einbetten und deine Interaktion mit diesem eingebetteten Inhalt aufzeichnen, inklusive deiner Interaktion mit dem eingebetteten Inhalt, falls du ein Konto hast und auf dieser Website angemeldet bist.<\/p>\n<p><!-- \/wp:paragraph --><!-- wp:heading --><\/p>\n<h2>Wie lange wir deine Daten speichern<\/h2>\n<p><!-- \/wp:heading --><!-- wp:paragraph --><\/p>\n<p>Wenn du einen Kommentar schreibst, wird dieser inklusive Metadaten zeitlich unbegrenzt gespeichert. Auf diese Art k\u00f6nnen wir Folgekommentare automatisch erkennen und freigeben, anstatt sie in einer Moderations-Warteschlange festzuhalten.<\/p>\n<p><!-- \/wp:paragraph --><!-- wp:paragraph --><!-- \/wp:paragraph --><!-- wp:heading --><\/p>\n<h2>Welche Rechte du an deinen Daten hast<\/h2>\n<p><!-- \/wp:heading --><!-- wp:paragraph --><\/p>\n<p>Wenn du ein Konto auf dieser Website besitzt oder Kommentare geschrieben hast, kannst du einen Export deiner personenbezogenen Daten bei uns anfordern, inklusive aller Daten, die du uns mitgeteilt hast. Dar\u00fcber hinaus kannst du die L\u00f6schung aller personenbezogenen Daten, die wir von dir gespeichert haben, anfordern. Dies umfasst nicht die Daten, die wir aufgrund administrativer, rechtlicher oder sicherheitsrelevanter Notwendigkeiten aufbewahren m\u00fcssen.<\/p>\n<p><!-- \/wp:paragraph --><!-- wp:heading --><\/p>\n<h2>Wohin deine Daten gesendet werden<\/h2>\n<p><!-- \/wp:heading --><!-- wp:paragraph --><\/p>\n<p>Besucher-Kommentare k\u00f6nnten von einem automatisierten Dienst zur Spam-Erkennung untersucht werden.<\/p>\n<p><!-- \/wp:paragraph --><!-- wp:paragraph --><\/p>\n<h1><strong>Impressum<\/strong><\/h1>\n<p><!-- \/wp:paragraph --><!-- wp:paragraph --><\/p>\n<p><strong>Sprecher: <\/strong>Armin Diebold<br \/><strong>E-Mail-Adresse:<\/strong> big-huegelsheim@web.de<\/p>\n<p><!-- \/wp:paragraph --><!-- wp:paragraph --><\/p>\n<p><strong>Verantwortlich f\u00fcr den Inhalt<\/strong><\/p>\n<p><!-- \/wp:paragraph --><!-- wp:paragraph --><\/p>\n<p>Armin Diebold<br \/>Gerold Klein<br \/>Volker Lorenz<br \/>Roland Schell<br \/>Edmund Trapp<br \/>Hubert Trapp<br \/>Michael Weber<\/p>\n<p><!-- \/wp:paragraph --><\/p>\t\t\t\t\t\t<\/div>\n\t\t\t\t<\/div>\n\t\t\t\t\t<\/div>\n\t\t<\/div>\n\t\t\t\t\t\t\t<\/div>\n\t\t<\/section>\n\t\t\t\t\t\t\t<\/div>\n\t\t","protected":false},"excerpt":{"rendered":"<p>Wer wir sind BIGH &#8211; B\u00fcrger Interessen Gemeinschaft Entwicklung H\u00fcgelsheim Die Adresse unserer Website ist: https:\/\/big-huegelsheim.de. Kommentare Wenn Besucher Kommentare auf der Website schreiben, sammeln wir die Daten, die im Kommentar-Formular angezeigt werden, au\u00dferdem die IP-Adresse des Besuchers und den User-Agent-String (damit wird der Browser identifiziert), um die Erkennung von Spam zu unterst\u00fctzen. Cookies Wenn &hellip; <\/p>\n<p class=\"link-more\"><a href=\"https:\/\/big-huegelsheim.de\/?page_id=936\" class=\"more-link\"><span class=\"screen-reader-text\">\u201eDatenschutzerkl\u00e4rung und Impressum\u201c <\/span>weiterlesen<\/a><\/p>\n","protected":false},"author":3,"featured_media":0,"parent":0,"menu_order":0,"comment_status":"closed","ping_status":"closed","template":"","meta":{"footnotes":""},"class_list":["post-936","page","type-page","status-publish","hentry"],"yoast_head":"<!-- This site is optimized with the Yoast SEO plugin v24.9 - https:\/\/yoast.com\/wordpress\/plugins\/seo\/ -->\n<title>Datenschutzerkl\u00e4rung und Impressum - BIG - H\u00fcgelsheim<\/title>\n<meta name=\"robots\" content=\"index, follow, max-snippet:-1, max-image-preview:large, max-video-preview:-1\" \/>\n<link rel=\"canonical\" href=\"https:\/\/big-huegelsheim.de\/?page_id=936\" \/>\n<meta property=\"og:locale\" content=\"de_DE\" \/>\n<meta property=\"og:type\" content=\"article\" \/>\n<meta property=\"og:title\" content=\"Datenschutzerkl\u00e4rung und Impressum - BIG - H\u00fcgelsheim\" \/>\n<meta property=\"og:description\" content=\"Wer wir sind BIGH &#8211; B\u00fcrger Interessen Gemeinschaft Entwicklung H\u00fcgelsheim Die Adresse unserer Website ist: https:\/\/big-huegelsheim.de. Kommentare Wenn Besucher Kommentare auf der Website schreiben, sammeln wir die Daten, die im Kommentar-Formular angezeigt werden, au\u00dferdem die IP-Adresse des Besuchers und den User-Agent-String (damit wird der Browser identifiziert), um die Erkennung von Spam zu unterst\u00fctzen. Cookies Wenn &hellip; \u201eDatenschutzerkl\u00e4rung und Impressum\u201c weiterlesen\" \/>\n<meta property=\"og:url\" content=\"https:\/\/big-huegelsheim.de\/?page_id=936\" \/>\n<meta property=\"og:site_name\" content=\"BIG - H\u00fcgelsheim\" \/>\n<meta property=\"article:modified_time\" content=\"2025-11-03T12:36:49+00:00\" \/>\n<meta name=\"twitter:card\" content=\"summary_large_image\" \/>\n<meta name=\"twitter:label1\" content=\"Gesch\u00e4tzte Lesezeit\" \/>\n\t<meta name=\"twitter:data1\" content=\"2\u00a0Minuten\" \/>\n<script type=\"application\/ld+json\" class=\"yoast-schema-graph\">{\"@context\":\"https:\/\/schema.org\",\"@graph\":[{\"@type\":\"WebPage\",\"@id\":\"https:\/\/big-huegelsheim.de\/?page_id=936\",\"url\":\"https:\/\/big-huegelsheim.de\/?page_id=936\",\"name\":\"Datenschutzerkl\u00e4rung und Impressum - BIG - H\u00fcgelsheim\",\"isPartOf\":{\"@id\":\"https:\/\/big-huegelsheim.de\/#website\"},\"datePublished\":\"2023-11-12T13:52:37+00:00\",\"dateModified\":\"2025-11-03T12:36:49+00:00\",\"breadcrumb\":{\"@id\":\"https:\/\/big-huegelsheim.de\/?page_id=936#breadcrumb\"},\"inLanguage\":\"de\",\"potentialAction\":[{\"@type\":\"ReadAction\",\"target\":[\"https:\/\/big-huegelsheim.de\/?page_id=936\"]}]},{\"@type\":\"BreadcrumbList\",\"@id\":\"https:\/\/big-huegelsheim.de\/?page_id=936#breadcrumb\",\"itemListElement\":[{\"@type\":\"ListItem\",\"position\":1,\"name\":\"Startseite\",\"item\":\"https:\/\/big-huegelsheim.de\/\"},{\"@type\":\"ListItem\",\"position\":2,\"name\":\"Datenschutzerkl\u00e4rung und Impressum\"}]},{\"@type\":\"WebSite\",\"@id\":\"https:\/\/big-huegelsheim.de\/#website\",\"url\":\"https:\/\/big-huegelsheim.de\/\",\"name\":\"BIG - H\u00fcgelsheim\",\"description\":\"B\u00fcrger Interessengemeinschaft Entwicklung H\u00fcgelsheim BIGH\",\"publisher\":{\"@id\":\"https:\/\/big-huegelsheim.de\/#organization\"},\"alternateName\":\"BIGH\",\"potentialAction\":[{\"@type\":\"SearchAction\",\"target\":{\"@type\":\"EntryPoint\",\"urlTemplate\":\"https:\/\/big-huegelsheim.de\/?s={search_term_string}\"},\"query-input\":{\"@type\":\"PropertyValueSpecification\",\"valueRequired\":true,\"valueName\":\"search_term_string\"}}],\"inLanguage\":\"de\"},{\"@type\":\"Organization\",\"@id\":\"https:\/\/big-huegelsheim.de\/#organization\",\"name\":\"BIG - H\u00fcgelsheim\",\"url\":\"https:\/\/big-huegelsheim.de\/\",\"logo\":{\"@type\":\"ImageObject\",\"inLanguage\":\"de\",\"@id\":\"https:\/\/big-huegelsheim.de\/#\/schema\/logo\/image\/\",\"url\":\"https:\/\/big-huegelsheim.de\/wp-content\/uploads\/2021\/05\/cropped-Laerm-e1621962532886.png\",\"contentUrl\":\"https:\/\/big-huegelsheim.de\/wp-content\/uploads\/2021\/05\/cropped-Laerm-e1621962532886.png\",\"width\":512,\"height\":512,\"caption\":\"BIG - H\u00fcgelsheim\"},\"image\":{\"@id\":\"https:\/\/big-huegelsheim.de\/#\/schema\/logo\/image\/\"}}]}<\/script>\n<!-- \/ Yoast SEO plugin. -->","yoast_head_json":{"title":"Datenschutzerkl\u00e4rung und Impressum - BIG - H\u00fcgelsheim","robots":{"index":"index","follow":"follow","max-snippet":"max-snippet:-1","max-image-preview":"max-image-preview:large","max-video-preview":"max-video-preview:-1"},"canonical":"https:\/\/big-huegelsheim.de\/?page_id=936","og_locale":"de_DE","og_type":"article","og_title":"Datenschutzerkl\u00e4rung und Impressum - BIG - H\u00fcgelsheim","og_description":"Wer wir sind BIGH &#8211; B\u00fcrger Interessen Gemeinschaft Entwicklung H\u00fcgelsheim Die Adresse unserer Website ist: https:\/\/big-huegelsheim.de. Kommentare Wenn Besucher Kommentare auf der Website schreiben, sammeln wir die Daten, die im Kommentar-Formular angezeigt werden, au\u00dferdem die IP-Adresse des Besuchers und den User-Agent-String (damit wird der Browser identifiziert), um die Erkennung von Spam zu unterst\u00fctzen. Cookies Wenn &hellip; \u201eDatenschutzerkl\u00e4rung und Impressum\u201c weiterlesen","og_url":"https:\/\/big-huegelsheim.de\/?page_id=936","og_site_name":"BIG - H\u00fcgelsheim","article_modified_time":"2025-11-03T12:36:49+00:00","twitter_card":"summary_large_image","twitter_misc":{"Gesch\u00e4tzte Lesezeit":"2\u00a0Minuten"},"schema":{"@context":"https:\/\/schema.org","@graph":[{"@type":"WebPage","@id":"https:\/\/big-huegelsheim.de\/?page_id=936","url":"https:\/\/big-huegelsheim.de\/?page_id=936","name":"Datenschutzerkl\u00e4rung und Impressum - BIG - H\u00fcgelsheim","isPartOf":{"@id":"https:\/\/big-huegelsheim.de\/#website"},"datePublished":"2023-11-12T13:52:37+00:00","dateModified":"2025-11-03T12:36:49+00:00","breadcrumb":{"@id":"https:\/\/big-huegelsheim.de\/?page_id=936#breadcrumb"},"inLanguage":"de","potentialAction":[{"@type":"ReadAction","target":["https:\/\/big-huegelsheim.de\/?page_id=936"]}]},{"@type":"BreadcrumbList","@id":"https:\/\/big-huegelsheim.de\/?page_id=936#breadcrumb","itemListElement":[{"@type":"ListItem","position":1,"name":"Startseite","item":"https:\/\/big-huegelsheim.de\/"},{"@type":"ListItem","position":2,"name":"Datenschutzerkl\u00e4rung und Impressum"}]},{"@type":"WebSite","@id":"https:\/\/big-huegelsheim.de\/#website","url":"https:\/\/big-huegelsheim.de\/","name":"BIG - H\u00fcgelsheim","description":"B\u00fcrger Interessengemeinschaft Entwicklung H\u00fcgelsheim BIGH","publisher":{"@id":"https:\/\/big-huegelsheim.de\/#organization"},"alternateName":"BIGH","potentialAction":[{"@type":"SearchAction","target":{"@type":"EntryPoint","urlTemplate":"https:\/\/big-huegelsheim.de\/?s={search_term_string}"},"query-input":{"@type":"PropertyValueSpecification","valueRequired":true,"valueName":"search_term_string"}}],"inLanguage":"de"},{"@type":"Organization","@id":"https:\/\/big-huegelsheim.de\/#organization","name":"BIG - H\u00fcgelsheim","url":"https:\/\/big-huegelsheim.de\/","logo":{"@type":"ImageObject","inLanguage":"de","@id":"https:\/\/big-huegelsheim.de\/#\/schema\/logo\/image\/","url":"https:\/\/big-huegelsheim.de\/wp-content\/uploads\/2021\/05\/cropped-Laerm-e1621962532886.png","contentUrl":"https:\/\/big-huegelsheim.de\/wp-content\/uploads\/2021\/05\/cropped-Laerm-e1621962532886.png","width":512,"height":512,"caption":"BIG - H\u00fcgelsheim"},"image":{"@id":"https:\/\/big-huegelsheim.de\/#\/schema\/logo\/image\/"}}]}},"_links":{"self":[{"href":"https:\/\/big-huegelsheim.de\/index.php?rest_route=\/wp\/v2\/pages\/936","targetHints":{"allow":["GET"]}}],"collection":[{"href":"https:\/\/big-huegelsheim.de\/index.php?rest_route=\/wp\/v2\/pages"}],"about":[{"href":"https:\/\/big-huegelsheim.de\/index.php?rest_route=\/wp\/v2\/types\/page"}],"author":[{"embeddable":true,"href":"https:\/\/big-huegelsheim.de\/index.php?rest_route=\/wp\/v2\/users\/3"}],"replies":[{"embeddable":true,"href":"https:\/\/big-huegelsheim.de\/index.php?rest_route=%2Fwp%2Fv2%2Fcomments&post=936"}],"version-history":[{"count":24,"href":"https:\/\/big-huegelsheim.de\/index.php?rest_route=\/wp\/v2\/pages\/936\/revisions"}],"predecessor-version":[{"id":2150,"href":"https:\/\/big-huegelsheim.de\/index.php?rest_route=\/wp\/v2\/pages\/936\/revisions\/2150"}],"wp:attachment":[{"href":"https:\/\/big-huegelsheim.de\/index.php?rest_route=%2Fwp%2Fv2%2Fmedia&parent=936"}],"curies":[{"name":"wp","href":"https:\/\/api.w.org\/{rel}","templated":true}]}}