{"id":393,"date":"2021-05-25T11:25:56","date_gmt":"2021-05-25T11:25:56","guid":{"rendered":"https:\/\/big-huegelsheim.de\/?page_id=393"},"modified":"2023-11-16T07:41:51","modified_gmt":"2023-11-16T06:41:51","slug":"flaechennutzungsplan","status":"publish","type":"page","link":"https:\/\/big-huegelsheim.de\/?page_id=393","title":{"rendered":"Fl\u00e4chennutzungsplan"},"content":{"rendered":"\t\t<div data-elementor-type=\"wp-page\" data-elementor-id=\"393\" class=\"elementor elementor-393\">\n\t\t\t\t\t\t\t\t\t<section class=\"elementor-section elementor-top-section elementor-element elementor-element-da133ef elementor-section-boxed elementor-section-height-default elementor-section-height-default\" data-id=\"da133ef\" data-element_type=\"section\">\n\t\t\t\t\t\t<div class=\"elementor-container elementor-column-gap-default\">\n\t\t\t\t\t<div class=\"elementor-column elementor-col-100 elementor-top-column elementor-element elementor-element-c7cb3a8\" data-id=\"c7cb3a8\" data-element_type=\"column\">\n\t\t\t<div class=\"elementor-widget-wrap\">\n\t\t\t\t\t\t\t\t\t<\/div>\n\t\t<\/div>\n\t\t\t\t\t\t\t<\/div>\n\t\t<\/section>\n\t\t\t\t<section class=\"elementor-section elementor-top-section elementor-element elementor-element-e6f4e71 elementor-section-boxed elementor-section-height-default elementor-section-height-default\" data-id=\"e6f4e71\" data-element_type=\"section\">\n\t\t\t\t\t\t<div class=\"elementor-container elementor-column-gap-default\">\n\t\t\t\t\t<div class=\"elementor-column elementor-col-100 elementor-top-column elementor-element elementor-element-011c469\" data-id=\"011c469\" data-element_type=\"column\">\n\t\t\t<div class=\"elementor-widget-wrap elementor-element-populated\">\n\t\t\t\t\t\t\t\t<div class=\"elementor-element elementor-element-46a9431 elementor-widget elementor-widget-text-editor\" data-id=\"46a9431\" data-element_type=\"widget\" data-widget_type=\"text-editor.default\">\n\t\t\t\t<div class=\"elementor-widget-container\">\n\t\t\t\t\t\t\t<p>Der gemeinsame Fl\u00e4chennutzugplan der Verwaltungsgemeinschaft Sinzheim-H\u00fcgelsheim mit dem Zieljahr 2015 wurde im Jahr 2005 rechtskr\u00e4ftig. Der Fl\u00e4chennutzungsplan wurde im Lauf der Jahre schon mehrmals ge\u00e4ndert.<\/p><p>Die dringend erforderliche Fortschreibung des Planwerks ist durch den gemeinsamen Ausschuss der Verwaltungsgemeinschaft beschlossen und befindet sich aktuell im Planverfahren.<\/p><p>Bei der Fortschreibung des Fl\u00e4chennutzungsplanes sind eine Vielzahl von Themen zu bearbeiten, darunter die Ausweisung m\u00f6glicher Entwicklungsfl\u00e4chen in Abh\u00e4ngigkeit von ihrer Belastung mit PFC sowie die verkehrliche Erschlie\u00dfung des Baden-Airparks.<\/p><p>Leitfaden zu den Planungen auf Gemarkung H\u00fcgelsheim sollte auch hier das Integrierte St\u00e4dtebauliche Entwicklungskonzept ISEK 2040 \u2013 zusammen Wachsen \u2013 sein.<\/p>\t\t\t\t\t\t<\/div>\n\t\t\t\t<\/div>\n\t\t\t\t\t<\/div>\n\t\t<\/div>\n\t\t\t\t\t\t\t<\/div>\n\t\t<\/section>\n\t\t\t\t\t\t\t<\/div>\n\t\t","protected":false},"excerpt":{"rendered":"<p>Der gemeinsame Fl\u00e4chennutzugplan der Verwaltungsgemeinschaft Sinzheim-H\u00fcgelsheim mit dem Zieljahr 2015 wurde im Jahr 2005 rechtskr\u00e4ftig. Der Fl\u00e4chennutzungsplan wurde im Lauf der Jahre schon mehrmals ge\u00e4ndert. Die dringend erforderliche Fortschreibung des Planwerks ist durch den gemeinsamen Ausschuss der Verwaltungsgemeinschaft beschlossen und befindet sich aktuell im Planverfahren. Bei der Fortschreibung des Fl\u00e4chennutzungsplanes sind eine Vielzahl von Themen &hellip; <\/p>\n<p class=\"link-more\"><a href=\"https:\/\/big-huegelsheim.de\/?page_id=393\" class=\"more-link\"><span class=\"screen-reader-text\">\u201eFl\u00e4chennutzungsplan\u201c <\/span>weiterlesen<\/a><\/p>\n","protected":false},"author":3,"featured_media":0,"parent":0,"menu_order":0,"comment_status":"closed","ping_status":"closed","template":"","meta":{"footnotes":""},"class_list":["post-393","page","type-page","status-publish","hentry"],"yoast_head":"<!-- This site is optimized with the Yoast SEO plugin v24.9 - https:\/\/yoast.com\/wordpress\/plugins\/seo\/ -->\n<title>Fl\u00e4chennutzungsplan - BIG - H\u00fcgelsheim<\/title>\n<meta name=\"robots\" content=\"index, follow, max-snippet:-1, max-image-preview:large, max-video-preview:-1\" \/>\n<link rel=\"canonical\" href=\"https:\/\/big-huegelsheim.de\/?page_id=393\" \/>\n<meta property=\"og:locale\" content=\"de_DE\" \/>\n<meta property=\"og:type\" content=\"article\" \/>\n<meta property=\"og:title\" content=\"Fl\u00e4chennutzungsplan - BIG - H\u00fcgelsheim\" \/>\n<meta property=\"og:description\" content=\"Der gemeinsame Fl\u00e4chennutzugplan der Verwaltungsgemeinschaft Sinzheim-H\u00fcgelsheim mit dem Zieljahr 2015 wurde im Jahr 2005 rechtskr\u00e4ftig. Der Fl\u00e4chennutzungsplan wurde im Lauf der Jahre schon mehrmals ge\u00e4ndert. Die dringend erforderliche Fortschreibung des Planwerks ist durch den gemeinsamen Ausschuss der Verwaltungsgemeinschaft beschlossen und befindet sich aktuell im Planverfahren. Bei der Fortschreibung des Fl\u00e4chennutzungsplanes sind eine Vielzahl von Themen &hellip; \u201eFl\u00e4chennutzungsplan\u201c weiterlesen\" \/>\n<meta property=\"og:url\" content=\"https:\/\/big-huegelsheim.de\/?page_id=393\" \/>\n<meta property=\"og:site_name\" content=\"BIG - H\u00fcgelsheim\" \/>\n<meta property=\"article:modified_time\" content=\"2023-11-16T06:41:51+00:00\" \/>\n<meta name=\"twitter:card\" content=\"summary_large_image\" \/>\n<meta name=\"twitter:label1\" content=\"Gesch\u00e4tzte Lesezeit\" \/>\n\t<meta name=\"twitter:data1\" content=\"1\u00a0Minute\" \/>\n<script type=\"application\/ld+json\" class=\"yoast-schema-graph\">{\"@context\":\"https:\/\/schema.org\",\"@graph\":[{\"@type\":\"WebPage\",\"@id\":\"https:\/\/big-huegelsheim.de\/?page_id=393\",\"url\":\"https:\/\/big-huegelsheim.de\/?page_id=393\",\"name\":\"Fl\u00e4chennutzungsplan - BIG - H\u00fcgelsheim\",\"isPartOf\":{\"@id\":\"https:\/\/big-huegelsheim.de\/#website\"},\"datePublished\":\"2021-05-25T11:25:56+00:00\",\"dateModified\":\"2023-11-16T06:41:51+00:00\",\"breadcrumb\":{\"@id\":\"https:\/\/big-huegelsheim.de\/?page_id=393#breadcrumb\"},\"inLanguage\":\"de\",\"potentialAction\":[{\"@type\":\"ReadAction\",\"target\":[\"https:\/\/big-huegelsheim.de\/?page_id=393\"]}]},{\"@type\":\"BreadcrumbList\",\"@id\":\"https:\/\/big-huegelsheim.de\/?page_id=393#breadcrumb\",\"itemListElement\":[{\"@type\":\"ListItem\",\"position\":1,\"name\":\"Startseite\",\"item\":\"https:\/\/big-huegelsheim.de\/\"},{\"@type\":\"ListItem\",\"position\":2,\"name\":\"Fl\u00e4chennutzungsplan\"}]},{\"@type\":\"WebSite\",\"@id\":\"https:\/\/big-huegelsheim.de\/#website\",\"url\":\"https:\/\/big-huegelsheim.de\/\",\"name\":\"BIG - H\u00fcgelsheim\",\"description\":\"B\u00fcrger Interessengemeinschaft Entwicklung H\u00fcgelsheim BIGH\",\"publisher\":{\"@id\":\"https:\/\/big-huegelsheim.de\/#organization\"},\"alternateName\":\"BIGH\",\"potentialAction\":[{\"@type\":\"SearchAction\",\"target\":{\"@type\":\"EntryPoint\",\"urlTemplate\":\"https:\/\/big-huegelsheim.de\/?s={search_term_string}\"},\"query-input\":{\"@type\":\"PropertyValueSpecification\",\"valueRequired\":true,\"valueName\":\"search_term_string\"}}],\"inLanguage\":\"de\"},{\"@type\":\"Organization\",\"@id\":\"https:\/\/big-huegelsheim.de\/#organization\",\"name\":\"BIG - H\u00fcgelsheim\",\"url\":\"https:\/\/big-huegelsheim.de\/\",\"logo\":{\"@type\":\"ImageObject\",\"inLanguage\":\"de\",\"@id\":\"https:\/\/big-huegelsheim.de\/#\/schema\/logo\/image\/\",\"url\":\"https:\/\/big-huegelsheim.de\/wp-content\/uploads\/2021\/05\/cropped-Laerm-e1621962532886.png\",\"contentUrl\":\"https:\/\/big-huegelsheim.de\/wp-content\/uploads\/2021\/05\/cropped-Laerm-e1621962532886.png\",\"width\":512,\"height\":512,\"caption\":\"BIG - H\u00fcgelsheim\"},\"image\":{\"@id\":\"https:\/\/big-huegelsheim.de\/#\/schema\/logo\/image\/\"}}]}<\/script>\n<!-- \/ Yoast SEO plugin. -->","yoast_head_json":{"title":"Fl\u00e4chennutzungsplan - BIG - H\u00fcgelsheim","robots":{"index":"index","follow":"follow","max-snippet":"max-snippet:-1","max-image-preview":"max-image-preview:large","max-video-preview":"max-video-preview:-1"},"canonical":"https:\/\/big-huegelsheim.de\/?page_id=393","og_locale":"de_DE","og_type":"article","og_title":"Fl\u00e4chennutzungsplan - BIG - H\u00fcgelsheim","og_description":"Der gemeinsame Fl\u00e4chennutzugplan der Verwaltungsgemeinschaft Sinzheim-H\u00fcgelsheim mit dem Zieljahr 2015 wurde im Jahr 2005 rechtskr\u00e4ftig. Der Fl\u00e4chennutzungsplan wurde im Lauf der Jahre schon mehrmals ge\u00e4ndert. Die dringend erforderliche Fortschreibung des Planwerks ist durch den gemeinsamen Ausschuss der Verwaltungsgemeinschaft beschlossen und befindet sich aktuell im Planverfahren. Bei der Fortschreibung des Fl\u00e4chennutzungsplanes sind eine Vielzahl von Themen &hellip; \u201eFl\u00e4chennutzungsplan\u201c weiterlesen","og_url":"https:\/\/big-huegelsheim.de\/?page_id=393","og_site_name":"BIG - H\u00fcgelsheim","article_modified_time":"2023-11-16T06:41:51+00:00","twitter_card":"summary_large_image","twitter_misc":{"Gesch\u00e4tzte Lesezeit":"1\u00a0Minute"},"schema":{"@context":"https:\/\/schema.org","@graph":[{"@type":"WebPage","@id":"https:\/\/big-huegelsheim.de\/?page_id=393","url":"https:\/\/big-huegelsheim.de\/?page_id=393","name":"Fl\u00e4chennutzungsplan - BIG - H\u00fcgelsheim","isPartOf":{"@id":"https:\/\/big-huegelsheim.de\/#website"},"datePublished":"2021-05-25T11:25:56+00:00","dateModified":"2023-11-16T06:41:51+00:00","breadcrumb":{"@id":"https:\/\/big-huegelsheim.de\/?page_id=393#breadcrumb"},"inLanguage":"de","potentialAction":[{"@type":"ReadAction","target":["https:\/\/big-huegelsheim.de\/?page_id=393"]}]},{"@type":"BreadcrumbList","@id":"https:\/\/big-huegelsheim.de\/?page_id=393#breadcrumb","itemListElement":[{"@type":"ListItem","position":1,"name":"Startseite","item":"https:\/\/big-huegelsheim.de\/"},{"@type":"ListItem","position":2,"name":"Fl\u00e4chennutzungsplan"}]},{"@type":"WebSite","@id":"https:\/\/big-huegelsheim.de\/#website","url":"https:\/\/big-huegelsheim.de\/","name":"BIG - H\u00fcgelsheim","description":"B\u00fcrger Interessengemeinschaft Entwicklung H\u00fcgelsheim BIGH","publisher":{"@id":"https:\/\/big-huegelsheim.de\/#organization"},"alternateName":"BIGH","potentialAction":[{"@type":"SearchAction","target":{"@type":"EntryPoint","urlTemplate":"https:\/\/big-huegelsheim.de\/?s={search_term_string}"},"query-input":{"@type":"PropertyValueSpecification","valueRequired":true,"valueName":"search_term_string"}}],"inLanguage":"de"},{"@type":"Organization","@id":"https:\/\/big-huegelsheim.de\/#organization","name":"BIG - H\u00fcgelsheim","url":"https:\/\/big-huegelsheim.de\/","logo":{"@type":"ImageObject","inLanguage":"de","@id":"https:\/\/big-huegelsheim.de\/#\/schema\/logo\/image\/","url":"https:\/\/big-huegelsheim.de\/wp-content\/uploads\/2021\/05\/cropped-Laerm-e1621962532886.png","contentUrl":"https:\/\/big-huegelsheim.de\/wp-content\/uploads\/2021\/05\/cropped-Laerm-e1621962532886.png","width":512,"height":512,"caption":"BIG - H\u00fcgelsheim"},"image":{"@id":"https:\/\/big-huegelsheim.de\/#\/schema\/logo\/image\/"}}]}},"_links":{"self":[{"href":"https:\/\/big-huegelsheim.de\/index.php?rest_route=\/wp\/v2\/pages\/393","targetHints":{"allow":["GET"]}}],"collection":[{"href":"https:\/\/big-huegelsheim.de\/index.php?rest_route=\/wp\/v2\/pages"}],"about":[{"href":"https:\/\/big-huegelsheim.de\/index.php?rest_route=\/wp\/v2\/types\/page"}],"author":[{"embeddable":true,"href":"https:\/\/big-huegelsheim.de\/index.php?rest_route=\/wp\/v2\/users\/3"}],"replies":[{"embeddable":true,"href":"https:\/\/big-huegelsheim.de\/index.php?rest_route=%2Fwp%2Fv2%2Fcomments&post=393"}],"version-history":[{"count":16,"href":"https:\/\/big-huegelsheim.de\/index.php?rest_route=\/wp\/v2\/pages\/393\/revisions"}],"predecessor-version":[{"id":1638,"href":"https:\/\/big-huegelsheim.de\/index.php?rest_route=\/wp\/v2\/pages\/393\/revisions\/1638"}],"wp:attachment":[{"href":"https:\/\/big-huegelsheim.de\/index.php?rest_route=%2Fwp%2Fv2%2Fmedia&parent=393"}],"curies":[{"name":"wp","href":"https:\/\/api.w.org\/{rel}","templated":true}]}}