{"id":212,"date":"2021-05-17T20:05:03","date_gmt":"2021-05-17T20:05:03","guid":{"rendered":"https:\/\/big-huegelsheim.de\/?page_id=212"},"modified":"2024-11-22T15:53:44","modified_gmt":"2024-11-22T14:53:44","slug":"212-2","status":"publish","type":"page","link":"https:\/\/big-huegelsheim.de\/","title":{"rendered":"B\u00fcrger Interessengemeinschaft Entwicklung H\u00fcgelsheim BIGH"},"content":{"rendered":"\t\t<div data-elementor-type=\"wp-page\" data-elementor-id=\"212\" class=\"elementor elementor-212\">\n\t\t\t\t\t\t\t\t\t<section class=\"elementor-section elementor-top-section elementor-element elementor-element-38595a01 elementor-section-boxed elementor-section-height-default elementor-section-height-default\" data-id=\"38595a01\" data-element_type=\"section\">\n\t\t\t\t\t\t<div class=\"elementor-container elementor-column-gap-default\">\n\t\t\t\t\t<div class=\"elementor-column elementor-col-100 elementor-top-column elementor-element elementor-element-1a3eaba2\" data-id=\"1a3eaba2\" data-element_type=\"column\">\n\t\t\t<div class=\"elementor-widget-wrap elementor-element-populated\">\n\t\t\t\t\t\t\t\t<div class=\"elementor-element elementor-element-e1a7ec7 elementor-widget elementor-widget-image\" data-id=\"e1a7ec7\" data-element_type=\"widget\" data-widget_type=\"image.default\">\n\t\t\t\t<div class=\"elementor-widget-container\">\n\t\t\t\t\t\t\t\t\t\t\t\t\t\t\t<img loading=\"lazy\" decoding=\"async\" width=\"525\" height=\"394\" src=\"https:\/\/big-huegelsheim.de\/wp-content\/uploads\/2021\/05\/1280px-Huegelsheim_Luftbild-2-1024x768.jpg\" class=\"attachment-large size-large wp-image-213\" alt=\"\" srcset=\"https:\/\/big-huegelsheim.de\/wp-content\/uploads\/2021\/05\/1280px-Huegelsheim_Luftbild-2-1024x768.jpg 1024w, https:\/\/big-huegelsheim.de\/wp-content\/uploads\/2021\/05\/1280px-Huegelsheim_Luftbild-2-300x225.jpg 300w, https:\/\/big-huegelsheim.de\/wp-content\/uploads\/2021\/05\/1280px-Huegelsheim_Luftbild-2-768x576.jpg 768w, https:\/\/big-huegelsheim.de\/wp-content\/uploads\/2021\/05\/1280px-Huegelsheim_Luftbild-2.jpg 1280w\" sizes=\"auto, 100vw\" \/>\t\t\t\t\t\t\t\t\t\t\t\t\t\t\t<\/div>\n\t\t\t\t<\/div>\n\t\t\t\t<div class=\"elementor-element elementor-element-02d7e33 elementor-widget elementor-widget-heading\" data-id=\"02d7e33\" data-element_type=\"widget\" data-widget_type=\"heading.default\">\n\t\t\t\t<div class=\"elementor-widget-container\">\n\t\t\t<h4 class=\"elementor-heading-title elementor-size-default\">Wof\u00fcr stehen wir <\/h4>\t\t<\/div>\n\t\t\t\t<\/div>\n\t\t\t\t<div class=\"elementor-element elementor-element-a6c35f9 elementor-widget elementor-widget-text-editor\" data-id=\"a6c35f9\" data-element_type=\"widget\" data-widget_type=\"text-editor.default\">\n\t\t\t\t<div class=\"elementor-widget-container\">\n\t\t\t\t\t\t\t<!-- wp:image {\"id\":213,\"sizeSlug\":\"large\",\"linkDestination\":\"none\"} -->\n<figure class=\"wp-block-image size-large\"><\/figure>\n<!-- \/wp:image --><!-- wp:paragraph --><!-- \/wp:paragraph --><!-- wp:paragraph -->\n<p>Nachhaltige Entwicklung von H\u00fcgelsheim im Einklang mit dem <strong>I<\/strong>ntegrierten <strong>S<\/strong>t\u00e4dtebaulichen <strong>E<\/strong>ntwicklungs<strong>K<\/strong>onzept (ISEK 2040) das gemeinsam mit der Bev\u00f6lkerung erarbeitet wurde. Wir verfolgen hierzu das dazugeh\u00f6rige Handlungskonzept und die Rahmenplanung. Schwerpunkt ist ebenso die Erarbeitung eines Verkehrskonzeptes zur Entlastung von H\u00fcgelsheim mit Anbindung des Flughafens Karlsruhe-Baden (FKB)<\/p>\n<!-- \/wp:paragraph -->\t\t\t\t\t\t<\/div>\n\t\t\t\t<\/div>\n\t\t\t\t<div class=\"elementor-element elementor-element-680f158 elementor-widget elementor-widget-heading\" data-id=\"680f158\" data-element_type=\"widget\" data-widget_type=\"heading.default\">\n\t\t\t\t<div class=\"elementor-widget-container\">\n\t\t\t<h4 class=\"elementor-heading-title elementor-size-default\">Unsere Beweggr\u00fcnde<\/h4>\t\t<\/div>\n\t\t\t\t<\/div>\n\t\t\t\t<div class=\"elementor-element elementor-element-343d89a elementor-widget elementor-widget-heading\" data-id=\"343d89a\" data-element_type=\"widget\" data-widget_type=\"heading.default\">\n\t\t\t\t<div class=\"elementor-widget-container\">\n\t\t\t<h5 class=\"elementor-heading-title elementor-size-default\">H\u00fcgelsheim ist erheblich belastet durch:\n<\/h5>\t\t<\/div>\n\t\t\t\t<\/div>\n\t\t\t\t<div class=\"elementor-element elementor-element-e59e258 elementor-icon-list--layout-traditional elementor-list-item-link-full_width elementor-widget elementor-widget-icon-list\" data-id=\"e59e258\" data-element_type=\"widget\" data-widget_type=\"icon-list.default\">\n\t\t\t\t<div class=\"elementor-widget-container\">\n\t\t\t\t\t<ul class=\"elementor-icon-list-items\">\n\t\t\t\t\t\t\t<li class=\"elementor-icon-list-item\">\n\t\t\t\t\t\t\t\t\t\t\t<span class=\"elementor-icon-list-icon\">\n\t\t\t\t\t\t\t<i aria-hidden=\"true\" class=\"fas fa-chevron-circle-right\"><\/i>\t\t\t\t\t\t<\/span>\n\t\t\t\t\t\t\t\t\t\t<span class=\"elementor-icon-list-text\">Extremes Verkehrsaufkommen, besonders durch Schwerlastverkehr zum Baden-Airpark <\/span>\n\t\t\t\t\t\t\t\t\t<\/li>\n\t\t\t\t\t\t\t\t<li class=\"elementor-icon-list-item\">\n\t\t\t\t\t\t\t\t\t\t\t<span class=\"elementor-icon-list-icon\">\n\t\t\t\t\t\t\t<i aria-hidden=\"true\" class=\"fas fa-chevron-circle-right\"><\/i>\t\t\t\t\t\t<\/span>\n\t\t\t\t\t\t\t\t\t\t<span class=\"elementor-icon-list-text\">PFAS \/ PFC \u2013 Belastung<\/span>\n\t\t\t\t\t\t\t\t\t<\/li>\n\t\t\t\t\t\t\t\t<li class=\"elementor-icon-list-item\">\n\t\t\t\t\t\t\t\t\t\t\t<span class=\"elementor-icon-list-icon\">\n\t\t\t\t\t\t\t<i aria-hidden=\"true\" class=\"fas fa-chevron-circle-right\"><\/i>\t\t\t\t\t\t<\/span>\n\t\t\t\t\t\t\t\t\t\t<span class=\"elementor-icon-list-text\">Fehlende Entwicklungsm\u00f6glichkeiten im Nord-Westen der Gemeinde wegen L\u00e4rmschutzzonen und Auslaufbereich Polder<\/span>\n\t\t\t\t\t\t\t\t\t<\/li>\n\t\t\t\t\t\t\t\t<li class=\"elementor-icon-list-item\">\n\t\t\t\t\t\t\t\t\t\t\t<span class=\"elementor-icon-list-icon\">\n\t\t\t\t\t\t\t<i aria-hidden=\"true\" class=\"fas fa-chevron-circle-right\"><\/i>\t\t\t\t\t\t<\/span>\n\t\t\t\t\t\t\t\t\t\t<span class=\"elementor-icon-list-text\">Beschr\u00e4nkungen bei der Verwirklichung eigener Gewerbegebiete<\/span>\n\t\t\t\t\t\t\t\t\t<\/li>\n\t\t\t\t\t\t\t\t<li class=\"elementor-icon-list-item\">\n\t\t\t\t\t\t\t\t\t\t\t<span class=\"elementor-icon-list-icon\">\n\t\t\t\t\t\t\t<i aria-hidden=\"true\" class=\"fas fa-chevron-circle-right\"><\/i>\t\t\t\t\t\t<\/span>\n\t\t\t\t\t\t\t\t\t\t<span class=\"elementor-icon-list-text\">Hohe soziale Lasten durch Integration der Neub\u00fcrger nach Abzug der kanadischen Streitkr\u00e4fte<\/span>\n\t\t\t\t\t\t\t\t\t<\/li>\n\t\t\t\t\t\t<\/ul>\n\t\t\t\t<\/div>\n\t\t\t\t<\/div>\n\t\t\t\t<div class=\"elementor-element elementor-element-df1eb1c elementor-widget elementor-widget-text-editor\" data-id=\"df1eb1c\" data-element_type=\"widget\" data-widget_type=\"text-editor.default\">\n\t\t\t\t<div class=\"elementor-widget-container\">\n\t\t\t\t\t\t\t<!-- wp:image {\"id\":213,\"sizeSlug\":\"large\",\"linkDestination\":\"none\"} -->\n<figure class=\"wp-block-image size-large\"><\/figure>\n<!-- \/wp:image --><!-- wp:paragraph --><!-- \/wp:paragraph --><!-- wp:paragraph -->\n<p style=\"text-align: right;\">im August 2020<\/p>\n<!-- \/wp:paragraph -->\t\t\t\t\t\t<\/div>\n\t\t\t\t<\/div>\n\t\t\t\t<div class=\"elementor-element elementor-element-679f01d elementor-widget elementor-widget-heading\" data-id=\"679f01d\" data-element_type=\"widget\" data-widget_type=\"heading.default\">\n\t\t\t\t<div class=\"elementor-widget-container\">\n\t\t\t<h4 class=\"elementor-heading-title elementor-size-default\">Wer sind wir !<\/h4>\t\t<\/div>\n\t\t\t\t<\/div>\n\t\t\t\t<div class=\"elementor-element elementor-element-4749efa elementor-widget elementor-widget-heading\" data-id=\"4749efa\" data-element_type=\"widget\" data-widget_type=\"heading.default\">\n\t\t\t\t<div class=\"elementor-widget-container\">\n\t\t\t<h5 class=\"elementor-heading-title elementor-size-default\">B\u00fcrger Interessengemeinschaft Entwicklung H\u00fcgelsheim (BIGH)\n<\/h5>\t\t<\/div>\n\t\t\t\t<\/div>\n\t\t\t\t<div class=\"elementor-element elementor-element-0720287 elementor-widget elementor-widget-text-editor\" data-id=\"0720287\" data-element_type=\"widget\" data-widget_type=\"text-editor.default\">\n\t\t\t\t<div class=\"elementor-widget-container\">\n\t\t\t\t\t\t\t<p>\u00a0 Armin Diebold<br \/>\u00a0 Gerold Klein<br \/>\u00a0 Volker Lorenz<br \/>\u00a0 Roland Schell<br \/>\u00a0 Edmund Trapp<br \/>\u00a0 Hubert Trapp<br \/>\u00a0 Michael Weber<\/p>\n<p><b>Sprecher:<\/b><b>\u00a0 <\/b>Armin Diebold<\/p>\n<p><b>WEB \/ Homepage: \u00a0 <\/b><u><a href=\"http:\/\/www.big-huegelsheim.de\/\">www.big-huegelsheim.de<\/a><\/u><\/p>\n<p><b>Kontakt:\u00a0 <\/b><a href=\"mailto:info@big-huegelsheim.de\">info@big-huegelsheim.de<\/a><\/p>\t\t\t\t\t\t<\/div>\n\t\t\t\t<\/div>\n\t\t\t\t\t<\/div>\n\t\t<\/div>\n\t\t\t\t\t\t\t<\/div>\n\t\t<\/section>\n\t\t\t\t\t\t\t<\/div>\n\t\t","protected":false},"excerpt":{"rendered":"<p>Wof\u00fcr stehen wir Nachhaltige Entwicklung von H\u00fcgelsheim im Einklang mit dem Integrierten St\u00e4dtebaulichen EntwicklungsKonzept (ISEK 2040) das gemeinsam mit der Bev\u00f6lkerung erarbeitet wurde. Wir verfolgen hierzu das dazugeh\u00f6rige Handlungskonzept und die Rahmenplanung. Schwerpunkt ist ebenso die Erarbeitung eines Verkehrskonzeptes zur Entlastung von H\u00fcgelsheim mit Anbindung des Flughafens Karlsruhe-Baden (FKB) Unsere Beweggr\u00fcnde H\u00fcgelsheim ist erheblich belastet &hellip; <\/p>\n<p class=\"link-more\"><a href=\"https:\/\/big-huegelsheim.de\/\" class=\"more-link\"><span class=\"screen-reader-text\">\u201eB\u00fcrger Interessengemeinschaft Entwicklung H\u00fcgelsheim BIGH\u201c <\/span>weiterlesen<\/a><\/p>\n","protected":false},"author":1,"featured_media":0,"parent":0,"menu_order":0,"comment_status":"closed","ping_status":"closed","template":"","meta":{"footnotes":""},"class_list":["post-212","page","type-page","status-publish","hentry"],"yoast_head":"<!-- This site is optimized with the Yoast SEO plugin v24.9 - https:\/\/yoast.com\/wordpress\/plugins\/seo\/ -->\n<title>B\u00fcrger Interessengemeinschaft Entwicklung H\u00fcgelsheim BIGH - BIG - H\u00fcgelsheim<\/title>\n<meta name=\"robots\" content=\"index, follow, max-snippet:-1, max-image-preview:large, max-video-preview:-1\" \/>\n<link rel=\"canonical\" href=\"https:\/\/big-huegelsheim.de\/\" \/>\n<meta property=\"og:locale\" content=\"de_DE\" \/>\n<meta property=\"og:type\" content=\"article\" \/>\n<meta property=\"og:title\" content=\"B\u00fcrger Interessengemeinschaft Entwicklung H\u00fcgelsheim BIGH - BIG - H\u00fcgelsheim\" \/>\n<meta property=\"og:description\" content=\"Wof\u00fcr stehen wir Nachhaltige Entwicklung von H\u00fcgelsheim im Einklang mit dem Integrierten St\u00e4dtebaulichen EntwicklungsKonzept (ISEK 2040) das gemeinsam mit der Bev\u00f6lkerung erarbeitet wurde. Wir verfolgen hierzu das dazugeh\u00f6rige Handlungskonzept und die Rahmenplanung. Schwerpunkt ist ebenso die Erarbeitung eines Verkehrskonzeptes zur Entlastung von H\u00fcgelsheim mit Anbindung des Flughafens Karlsruhe-Baden (FKB) Unsere Beweggr\u00fcnde H\u00fcgelsheim ist erheblich belastet &hellip; \u201eB\u00fcrger Interessengemeinschaft Entwicklung H\u00fcgelsheim BIGH\u201c weiterlesen\" \/>\n<meta property=\"og:url\" content=\"https:\/\/big-huegelsheim.de\/\" \/>\n<meta property=\"og:site_name\" content=\"BIG - H\u00fcgelsheim\" \/>\n<meta property=\"article:modified_time\" content=\"2024-11-22T14:53:44+00:00\" \/>\n<meta property=\"og:image\" content=\"https:\/\/big-huegelsheim.de\/wp-content\/uploads\/2021\/05\/1280px-Huegelsheim_Luftbild-2-1024x768.jpg\" \/>\n<meta name=\"twitter:card\" content=\"summary_large_image\" \/>\n<meta name=\"twitter:label1\" content=\"Gesch\u00e4tzte Lesezeit\" \/>\n\t<meta name=\"twitter:data1\" content=\"1\u00a0Minute\" \/>\n<script type=\"application\/ld+json\" class=\"yoast-schema-graph\">{\"@context\":\"https:\/\/schema.org\",\"@graph\":[{\"@type\":\"WebPage\",\"@id\":\"https:\/\/big-huegelsheim.de\/\",\"url\":\"https:\/\/big-huegelsheim.de\/\",\"name\":\"B\u00fcrger Interessengemeinschaft Entwicklung H\u00fcgelsheim BIGH - BIG - H\u00fcgelsheim\",\"isPartOf\":{\"@id\":\"https:\/\/big-huegelsheim.de\/#website\"},\"primaryImageOfPage\":{\"@id\":\"https:\/\/big-huegelsheim.de\/#primaryimage\"},\"image\":{\"@id\":\"https:\/\/big-huegelsheim.de\/#primaryimage\"},\"thumbnailUrl\":\"https:\/\/big-huegelsheim.de\/wp-content\/uploads\/2021\/05\/1280px-Huegelsheim_Luftbild-2-1024x768.jpg\",\"datePublished\":\"2021-05-17T20:05:03+00:00\",\"dateModified\":\"2024-11-22T14:53:44+00:00\",\"breadcrumb\":{\"@id\":\"https:\/\/big-huegelsheim.de\/#breadcrumb\"},\"inLanguage\":\"de\",\"potentialAction\":[{\"@type\":\"ReadAction\",\"target\":[\"https:\/\/big-huegelsheim.de\/\"]}]},{\"@type\":\"ImageObject\",\"inLanguage\":\"de\",\"@id\":\"https:\/\/big-huegelsheim.de\/#primaryimage\",\"url\":\"https:\/\/big-huegelsheim.de\/wp-content\/uploads\/2021\/05\/1280px-Huegelsheim_Luftbild-2.jpg\",\"contentUrl\":\"https:\/\/big-huegelsheim.de\/wp-content\/uploads\/2021\/05\/1280px-Huegelsheim_Luftbild-2.jpg\",\"width\":1280,\"height\":960},{\"@type\":\"BreadcrumbList\",\"@id\":\"https:\/\/big-huegelsheim.de\/#breadcrumb\",\"itemListElement\":[{\"@type\":\"ListItem\",\"position\":1,\"name\":\"Startseite\",\"item\":\"https:\/\/big-huegelsheim.de\/\"},{\"@type\":\"ListItem\",\"position\":2,\"name\":\"B\u00fcrger Interessengemeinschaft Entwicklung H\u00fcgelsheim BIGH\"}]},{\"@type\":\"WebSite\",\"@id\":\"https:\/\/big-huegelsheim.de\/#website\",\"url\":\"https:\/\/big-huegelsheim.de\/\",\"name\":\"BIG - H\u00fcgelsheim\",\"description\":\"B\u00fcrger Interessengemeinschaft Entwicklung H\u00fcgelsheim BIGH\",\"publisher\":{\"@id\":\"https:\/\/big-huegelsheim.de\/#organization\"},\"alternateName\":\"BIGH\",\"potentialAction\":[{\"@type\":\"SearchAction\",\"target\":{\"@type\":\"EntryPoint\",\"urlTemplate\":\"https:\/\/big-huegelsheim.de\/?s={search_term_string}\"},\"query-input\":{\"@type\":\"PropertyValueSpecification\",\"valueRequired\":true,\"valueName\":\"search_term_string\"}}],\"inLanguage\":\"de\"},{\"@type\":\"Organization\",\"@id\":\"https:\/\/big-huegelsheim.de\/#organization\",\"name\":\"BIG - H\u00fcgelsheim\",\"url\":\"https:\/\/big-huegelsheim.de\/\",\"logo\":{\"@type\":\"ImageObject\",\"inLanguage\":\"de\",\"@id\":\"https:\/\/big-huegelsheim.de\/#\/schema\/logo\/image\/\",\"url\":\"https:\/\/big-huegelsheim.de\/wp-content\/uploads\/2021\/05\/cropped-Laerm-e1621962532886.png\",\"contentUrl\":\"https:\/\/big-huegelsheim.de\/wp-content\/uploads\/2021\/05\/cropped-Laerm-e1621962532886.png\",\"width\":512,\"height\":512,\"caption\":\"BIG - H\u00fcgelsheim\"},\"image\":{\"@id\":\"https:\/\/big-huegelsheim.de\/#\/schema\/logo\/image\/\"}}]}<\/script>\n<!-- \/ Yoast SEO plugin. -->","yoast_head_json":{"title":"B\u00fcrger Interessengemeinschaft Entwicklung H\u00fcgelsheim BIGH - BIG - H\u00fcgelsheim","robots":{"index":"index","follow":"follow","max-snippet":"max-snippet:-1","max-image-preview":"max-image-preview:large","max-video-preview":"max-video-preview:-1"},"canonical":"https:\/\/big-huegelsheim.de\/","og_locale":"de_DE","og_type":"article","og_title":"B\u00fcrger Interessengemeinschaft Entwicklung H\u00fcgelsheim BIGH - BIG - H\u00fcgelsheim","og_description":"Wof\u00fcr stehen wir Nachhaltige Entwicklung von H\u00fcgelsheim im Einklang mit dem Integrierten St\u00e4dtebaulichen EntwicklungsKonzept (ISEK 2040) das gemeinsam mit der Bev\u00f6lkerung erarbeitet wurde. Wir verfolgen hierzu das dazugeh\u00f6rige Handlungskonzept und die Rahmenplanung. Schwerpunkt ist ebenso die Erarbeitung eines Verkehrskonzeptes zur Entlastung von H\u00fcgelsheim mit Anbindung des Flughafens Karlsruhe-Baden (FKB) Unsere Beweggr\u00fcnde H\u00fcgelsheim ist erheblich belastet &hellip; \u201eB\u00fcrger Interessengemeinschaft Entwicklung H\u00fcgelsheim BIGH\u201c weiterlesen","og_url":"https:\/\/big-huegelsheim.de\/","og_site_name":"BIG - H\u00fcgelsheim","article_modified_time":"2024-11-22T14:53:44+00:00","og_image":[{"url":"https:\/\/big-huegelsheim.de\/wp-content\/uploads\/2021\/05\/1280px-Huegelsheim_Luftbild-2-1024x768.jpg","type":"","width":"","height":""}],"twitter_card":"summary_large_image","twitter_misc":{"Gesch\u00e4tzte Lesezeit":"1\u00a0Minute"},"schema":{"@context":"https:\/\/schema.org","@graph":[{"@type":"WebPage","@id":"https:\/\/big-huegelsheim.de\/","url":"https:\/\/big-huegelsheim.de\/","name":"B\u00fcrger Interessengemeinschaft Entwicklung H\u00fcgelsheim BIGH - BIG - H\u00fcgelsheim","isPartOf":{"@id":"https:\/\/big-huegelsheim.de\/#website"},"primaryImageOfPage":{"@id":"https:\/\/big-huegelsheim.de\/#primaryimage"},"image":{"@id":"https:\/\/big-huegelsheim.de\/#primaryimage"},"thumbnailUrl":"https:\/\/big-huegelsheim.de\/wp-content\/uploads\/2021\/05\/1280px-Huegelsheim_Luftbild-2-1024x768.jpg","datePublished":"2021-05-17T20:05:03+00:00","dateModified":"2024-11-22T14:53:44+00:00","breadcrumb":{"@id":"https:\/\/big-huegelsheim.de\/#breadcrumb"},"inLanguage":"de","potentialAction":[{"@type":"ReadAction","target":["https:\/\/big-huegelsheim.de\/"]}]},{"@type":"ImageObject","inLanguage":"de","@id":"https:\/\/big-huegelsheim.de\/#primaryimage","url":"https:\/\/big-huegelsheim.de\/wp-content\/uploads\/2021\/05\/1280px-Huegelsheim_Luftbild-2.jpg","contentUrl":"https:\/\/big-huegelsheim.de\/wp-content\/uploads\/2021\/05\/1280px-Huegelsheim_Luftbild-2.jpg","width":1280,"height":960},{"@type":"BreadcrumbList","@id":"https:\/\/big-huegelsheim.de\/#breadcrumb","itemListElement":[{"@type":"ListItem","position":1,"name":"Startseite","item":"https:\/\/big-huegelsheim.de\/"},{"@type":"ListItem","position":2,"name":"B\u00fcrger Interessengemeinschaft Entwicklung H\u00fcgelsheim BIGH"}]},{"@type":"WebSite","@id":"https:\/\/big-huegelsheim.de\/#website","url":"https:\/\/big-huegelsheim.de\/","name":"BIG - H\u00fcgelsheim","description":"B\u00fcrger Interessengemeinschaft Entwicklung H\u00fcgelsheim BIGH","publisher":{"@id":"https:\/\/big-huegelsheim.de\/#organization"},"alternateName":"BIGH","potentialAction":[{"@type":"SearchAction","target":{"@type":"EntryPoint","urlTemplate":"https:\/\/big-huegelsheim.de\/?s={search_term_string}"},"query-input":{"@type":"PropertyValueSpecification","valueRequired":true,"valueName":"search_term_string"}}],"inLanguage":"de"},{"@type":"Organization","@id":"https:\/\/big-huegelsheim.de\/#organization","name":"BIG - H\u00fcgelsheim","url":"https:\/\/big-huegelsheim.de\/","logo":{"@type":"ImageObject","inLanguage":"de","@id":"https:\/\/big-huegelsheim.de\/#\/schema\/logo\/image\/","url":"https:\/\/big-huegelsheim.de\/wp-content\/uploads\/2021\/05\/cropped-Laerm-e1621962532886.png","contentUrl":"https:\/\/big-huegelsheim.de\/wp-content\/uploads\/2021\/05\/cropped-Laerm-e1621962532886.png","width":512,"height":512,"caption":"BIG - H\u00fcgelsheim"},"image":{"@id":"https:\/\/big-huegelsheim.de\/#\/schema\/logo\/image\/"}}]}},"_links":{"self":[{"href":"https:\/\/big-huegelsheim.de\/index.php?rest_route=\/wp\/v2\/pages\/212","targetHints":{"allow":["GET"]}}],"collection":[{"href":"https:\/\/big-huegelsheim.de\/index.php?rest_route=\/wp\/v2\/pages"}],"about":[{"href":"https:\/\/big-huegelsheim.de\/index.php?rest_route=\/wp\/v2\/types\/page"}],"author":[{"embeddable":true,"href":"https:\/\/big-huegelsheim.de\/index.php?rest_route=\/wp\/v2\/users\/1"}],"replies":[{"embeddable":true,"href":"https:\/\/big-huegelsheim.de\/index.php?rest_route=%2Fwp%2Fv2%2Fcomments&post=212"}],"version-history":[{"count":43,"href":"https:\/\/big-huegelsheim.de\/index.php?rest_route=\/wp\/v2\/pages\/212\/revisions"}],"predecessor-version":[{"id":1731,"href":"https:\/\/big-huegelsheim.de\/index.php?rest_route=\/wp\/v2\/pages\/212\/revisions\/1731"}],"wp:attachment":[{"href":"https:\/\/big-huegelsheim.de\/index.php?rest_route=%2Fwp%2Fv2%2Fmedia&parent=212"}],"curies":[{"name":"wp","href":"https:\/\/api.w.org\/{rel}","templated":true}]}}