{"id":205,"date":"2021-05-17T19:55:49","date_gmt":"2021-05-17T19:55:49","guid":{"rendered":"https:\/\/big-huegelsheim.de\/?page_id=205"},"modified":"2024-11-24T15:45:00","modified_gmt":"2024-11-24T14:45:00","slug":"laerm","status":"publish","type":"page","link":"https:\/\/big-huegelsheim.de\/?page_id=205","title":{"rendered":"L\u00e4rmaktionsplanung"},"content":{"rendered":"\t\t<div data-elementor-type=\"wp-page\" data-elementor-id=\"205\" class=\"elementor elementor-205\">\n\t\t\t\t\t\t\t\t\t<section class=\"elementor-section elementor-top-section elementor-element elementor-element-3f25c71 elementor-section-boxed elementor-section-height-default elementor-section-height-default\" data-id=\"3f25c71\" data-element_type=\"section\">\n\t\t\t\t\t\t<div class=\"elementor-container elementor-column-gap-default\">\n\t\t\t\t\t<div class=\"elementor-column elementor-col-100 elementor-top-column elementor-element elementor-element-ee708e9\" data-id=\"ee708e9\" data-element_type=\"column\">\n\t\t\t<div class=\"elementor-widget-wrap elementor-element-populated\">\n\t\t\t\t\t\t\t\t<div class=\"elementor-element elementor-element-9aa9545 elementor-widget elementor-widget-heading\" data-id=\"9aa9545\" data-element_type=\"widget\" data-widget_type=\"heading.default\">\n\t\t\t\t<div class=\"elementor-widget-container\">\n\t\t\t<h2 class=\"elementor-heading-title elementor-size-default\">Grundlage<\/h2>\t\t<\/div>\n\t\t\t\t<\/div>\n\t\t\t\t<div class=\"elementor-element elementor-element-4c71acc7 elementor-widget__width-initial elementor-widget elementor-widget-text-editor\" data-id=\"4c71acc7\" data-element_type=\"widget\" data-widget_type=\"text-editor.default\">\n\t\t\t\t<div class=\"elementor-widget-container\">\n\t\t\t\t\t\t\t<p>EU-Umgebungsl\u00e4rmrichtlinie\u00a0 2002\/49\/EG erfordert eine L\u00e4rmaktionsplanung f\u00fcr L\u00e4rm von Verkehrsmitteln, Stra\u00dfenverkehr, Eisenbahnverkehr, Flugverkehr sowie von Industrie- und Gewerbebetrieben sofern gewisse Grenzwerte \u00fcberschritten werden. Dies wurde im Bundes-Immissionsschutzgesetz (BImSchG) \u00a747 in nationales Recht umgesetzt.<\/p>\t\t\t\t\t\t<\/div>\n\t\t\t\t<\/div>\n\t\t\t\t<div class=\"elementor-element elementor-element-126d72a elementor-widget elementor-widget-image\" data-id=\"126d72a\" data-element_type=\"widget\" data-widget_type=\"image.default\">\n\t\t\t\t<div class=\"elementor-widget-container\">\n\t\t\t\t\t\t\t\t\t\t\t\t\t\t\t\t<a href=\"https:\/\/big-huegelsheim.de\/wp-content\/uploads\/2021\/05\/Laermaktionsplan-Bild.jpg\" data-elementor-open-lightbox=\"yes\" data-elementor-lightbox-title=\"L\u00e4rmaktionsplan\" data-e-action-hash=\"#elementor-action%3Aaction%3Dlightbox%26settings%3DeyJpZCI6ODMsInVybCI6Imh0dHBzOlwvXC9iaWctaHVlZ2Vsc2hlaW0uZGVcL3dwLWNvbnRlbnRcL3VwbG9hZHNcLzIwMjFcLzA1XC9MYWVybWFrdGlvbnNwbGFuLUJpbGQuanBnIn0%3D\">\n\t\t\t\t\t\t\t<img loading=\"lazy\" decoding=\"async\" width=\"525\" height=\"374\" src=\"https:\/\/big-huegelsheim.de\/wp-content\/uploads\/2021\/05\/Laermaktionsplan-Bild.jpg\" class=\"attachment-large size-large wp-image-83\" alt=\"\" srcset=\"https:\/\/big-huegelsheim.de\/wp-content\/uploads\/2021\/05\/Laermaktionsplan-Bild.jpg 899w, https:\/\/big-huegelsheim.de\/wp-content\/uploads\/2021\/05\/Laermaktionsplan-Bild-300x214.jpg 300w, https:\/\/big-huegelsheim.de\/wp-content\/uploads\/2021\/05\/Laermaktionsplan-Bild-768x547.jpg 768w\" sizes=\"auto, 100vw\" \/>\t\t\t\t\t\t\t\t<\/a>\n\t\t\t\t\t\t\t\t\t\t\t\t\t\t\t<\/div>\n\t\t\t\t<\/div>\n\t\t\t\t<div class=\"elementor-element elementor-element-4a2884a elementor-widget elementor-widget-heading\" data-id=\"4a2884a\" data-element_type=\"widget\" data-widget_type=\"heading.default\">\n\t\t\t\t<div class=\"elementor-widget-container\">\n\t\t\t<h2 class=\"elementor-heading-title elementor-size-default\">Wesentliche Inhalte \/ Kernaussagen:<\/h2>\t\t<\/div>\n\t\t\t\t<\/div>\n\t\t\t\t<div class=\"elementor-element elementor-element-8c12052 elementor-widget__width-initial elementor-widget elementor-widget-text-editor\" data-id=\"8c12052\" data-element_type=\"widget\" data-widget_type=\"text-editor.default\">\n\t\t\t\t<div class=\"elementor-widget-container\">\n\t\t\t\t\t\t\t<p>Mit der EU-Umgebungsl\u00e4rmrichtlinie gibt es einen gemeinsamen europ\u00e4ischen Ansatz zur Minderung der L\u00e4rmbelastung der Bev\u00f6lkerung. Dabei werden nach vergleichbaren Verfahren L\u00e4rmschwerpunkte durch eine umfangreiche, strategische L\u00e4rmkartierung ermittelt. Auf Grundlage der L\u00e4rmkarten werden unter aktiver Mitwirkung der \u00d6ffentlichkeit L\u00e4rmaktionspl\u00e4ne aufgestellt.<\/p>\t\t\t\t\t\t<\/div>\n\t\t\t\t<\/div>\n\t\t\t\t<div class=\"elementor-element elementor-element-48318b2 elementor-widget elementor-widget-heading\" data-id=\"48318b2\" data-element_type=\"widget\" data-widget_type=\"heading.default\">\n\t\t\t\t<div class=\"elementor-widget-container\">\n\t\t\t<h2 class=\"elementor-heading-title elementor-size-default\"><b>Fakten:<\/b><\/h2>\t\t<\/div>\n\t\t\t\t<\/div>\n\t\t\t\t<div class=\"elementor-element elementor-element-7adfec2 elementor-widget__width-initial elementor-widget elementor-widget-text-editor\" data-id=\"7adfec2\" data-element_type=\"widget\" data-widget_type=\"text-editor.default\">\n\t\t\t\t<div class=\"elementor-widget-container\">\n\t\t\t\t\t\t\t<p>Unverh\u00e4ltnism\u00e4\u00dfig hohe Verkehrsbelastung der Ortsdurchfahrt von H\u00fcgelsheim (L75) und gleichzeitig starkem Schwerverkehr, dadurch bedingt \u00dcberschreitung der Grenzwerte mit sehr hohen, teilweise gesundheitsgef\u00e4hrdenden L\u00e4rmemissionen.<\/p>\t\t\t\t\t\t<\/div>\n\t\t\t\t<\/div>\n\t\t\t\t<div class=\"elementor-element elementor-element-d4ad590 elementor-widget elementor-widget-image\" data-id=\"d4ad590\" data-element_type=\"widget\" data-widget_type=\"image.default\">\n\t\t\t\t<div class=\"elementor-widget-container\">\n\t\t\t\t\t\t\t\t\t\t\t\t\t\t\t\t<a href=\"https:\/\/big-huegelsheim.de\/wp-content\/uploads\/2021\/05\/Strassenverkehrslaerm.png\" data-elementor-open-lightbox=\"yes\" data-elementor-lightbox-title=\"Strassenverkehrsl\u00e4rm\" data-e-action-hash=\"#elementor-action%3Aaction%3Dlightbox%26settings%3DeyJpZCI6NDMwLCJ1cmwiOiJodHRwczpcL1wvYmlnLWh1ZWdlbHNoZWltLmRlXC93cC1jb250ZW50XC91cGxvYWRzXC8yMDIxXC8wNVwvU3RyYXNzZW52ZXJrZWhyc2xhZXJtLnBuZyJ9\">\n\t\t\t\t\t\t\t<img loading=\"lazy\" decoding=\"async\" width=\"525\" height=\"326\" src=\"https:\/\/big-huegelsheim.de\/wp-content\/uploads\/2021\/05\/Strassenverkehrslaerm.png\" class=\"attachment-large size-large wp-image-430\" alt=\"\" srcset=\"https:\/\/big-huegelsheim.de\/wp-content\/uploads\/2021\/05\/Strassenverkehrslaerm.png 918w, https:\/\/big-huegelsheim.de\/wp-content\/uploads\/2021\/05\/Strassenverkehrslaerm-300x186.png 300w, https:\/\/big-huegelsheim.de\/wp-content\/uploads\/2021\/05\/Strassenverkehrslaerm-768x477.png 768w\" sizes=\"auto, 100vw\" \/>\t\t\t\t\t\t\t\t<\/a>\n\t\t\t\t\t\t\t\t\t\t\t\t\t\t\t<\/div>\n\t\t\t\t<\/div>\n\t\t\t\t<div class=\"elementor-element elementor-element-68f9e5a elementor-widget elementor-widget-heading\" data-id=\"68f9e5a\" data-element_type=\"widget\" data-widget_type=\"heading.default\">\n\t\t\t\t<div class=\"elementor-widget-container\">\n\t\t\t<h2 class=\"elementor-heading-title elementor-size-default\">Status Gemeinde H\u00fcgelsheim:<\/h2>\t\t<\/div>\n\t\t\t\t<\/div>\n\t\t\t\t<div class=\"elementor-element elementor-element-52608a0 elementor-widget__width-initial elementor-widget elementor-widget-text-editor\" data-id=\"52608a0\" data-element_type=\"widget\" data-widget_type=\"text-editor.default\">\n\t\t\t\t<div class=\"elementor-widget-container\">\n\t\t\t\t\t\t\t<p style=\"text-align: left;\"><strong>27.08.2018<\/strong>: Erstellung eines Entwurfs zur L\u00e4rmaktionsplanung durch K\u00f6hler &amp; Leutwein \/ Ingenieurb\u00fcro f\u00fcr Verkehrswesen im Auftrag der Gemeinde<\/p><p><strong>20.10. \u2013 20.11.2018<\/strong>: Offenlage der Unterlagen und Beteiligung der Beh\u00f6rden und sonstiger Tr\u00e4ger \u00f6ffentlicher Belange<\/p><p><strong>09.12.2019: <\/strong>Verabschiedung durch den Gemeinderat und damit in Kraft getreten<\/p><p><strong>20.12.2019: <\/strong>Information der \u00d6ffentlichkeit \u00fcber das Inkrafttreten<\/p><p><strong>06.02.2020: <\/strong>Berichterstattung der Gemeinde gem. \u00a7 47d Bundes-Immissionsschutzgesetz<\/p>\t\t\t\t\t\t<\/div>\n\t\t\t\t<\/div>\n\t\t\t\t<div class=\"elementor-element elementor-element-9f0c2f7 elementor-widget elementor-widget-heading\" data-id=\"9f0c2f7\" data-element_type=\"widget\" data-widget_type=\"heading.default\">\n\t\t\t\t<div class=\"elementor-widget-container\">\n\t\t\t<h2 class=\"elementor-heading-title elementor-size-default\">Realisierte Ma\u00dfnahmen:<\/h2>\t\t<\/div>\n\t\t\t\t<\/div>\n\t\t\t\t<div class=\"elementor-element elementor-element-87e7e3e elementor-widget__width-initial elementor-widget elementor-widget-text-editor\" data-id=\"87e7e3e\" data-element_type=\"widget\" data-widget_type=\"text-editor.default\">\n\t\t\t\t<div class=\"elementor-widget-container\">\n\t\t\t\t\t\t\t<p><strong>2007: <\/strong>Einrichtung von Blitzanlagen an beiden Ortsausg\u00e4ngen<\/p><p><strong>2018: <\/strong>Anordnung Tempo 30 km\/h ganztags Hauptstra\u00dfe<\/p><p><strong>2018: <\/strong>Wechselnde Aufstellung von Geschwindigkeitsanzeigetafeln in allen Stra\u00dfen<\/p><p><strong>2019: <\/strong>Antrag auf verkehrsrechtliche Anordnung \u2013 Umleitung der LKW s\u00fcdlich von H\u00fcgelsheim \u00fcber die K3758 durch Beschilderung mit Hinweis auf Grenz\u00fcbergang Frankreich<\/p>\t\t\t\t\t\t<\/div>\n\t\t\t\t<\/div>\n\t\t\t\t<div class=\"elementor-element elementor-element-a0564c8 elementor-widget elementor-widget-heading\" data-id=\"a0564c8\" data-element_type=\"widget\" data-widget_type=\"heading.default\">\n\t\t\t\t<div class=\"elementor-widget-container\">\n\t\t\t<h2 class=\"elementor-heading-title elementor-size-default\">Offene, geplante Ma\u00dfnahmen:<\/h2>\t\t<\/div>\n\t\t\t\t<\/div>\n\t\t\t\t<div class=\"elementor-element elementor-element-2a69072 elementor-align-left elementor-icon-list--layout-traditional elementor-list-item-link-full_width elementor-widget elementor-widget-icon-list\" data-id=\"2a69072\" data-element_type=\"widget\" data-widget_type=\"icon-list.default\">\n\t\t\t\t<div class=\"elementor-widget-container\">\n\t\t\t\t\t<ul class=\"elementor-icon-list-items\">\n\t\t\t\t\t\t\t<li class=\"elementor-icon-list-item\">\n\t\t\t\t\t\t\t\t\t\t\t<span class=\"elementor-icon-list-icon\">\n\t\t\t\t\t\t\t<i aria-hidden=\"true\" class=\"far fa-circle\"><\/i>\t\t\t\t\t\t<\/span>\n\t\t\t\t\t\t\t\t\t\t<span class=\"elementor-icon-list-text\">Durchfahrtsverbot f\u00fcr Schwerverkehr und Umleitung auf Umgehungsstra\u00dfen<\/span>\n\t\t\t\t\t\t\t\t\t<\/li>\n\t\t\t\t\t\t\t\t<li class=\"elementor-icon-list-item\">\n\t\t\t\t\t\t\t\t\t\t\t<span class=\"elementor-icon-list-icon\">\n\t\t\t\t\t\t\t<i aria-hidden=\"true\" class=\"far fa-circle\"><\/i>\t\t\t\t\t\t<\/span>\n\t\t\t\t\t\t\t\t\t\t<span class=\"elementor-icon-list-text\">Umgestaltung der Ortsdurchfahrt (Verringerung der Fahrbahnbreite Richtung Mitte auf 6,50 m)<\/span>\n\t\t\t\t\t\t\t\t\t<\/li>\n\t\t\t\t\t\t\t\t<li class=\"elementor-icon-list-item\">\n\t\t\t\t\t\t\t\t\t\t\t<span class=\"elementor-icon-list-icon\">\n\t\t\t\t\t\t\t<i aria-hidden=\"true\" class=\"far fa-circle\"><\/i>\t\t\t\t\t\t<\/span>\n\t\t\t\t\t\t\t\t\t\t<span class=\"elementor-icon-list-text\">Aufbringung von Fahrradschutzstreifen<\/span>\n\t\t\t\t\t\t\t\t\t<\/li>\n\t\t\t\t\t\t\t\t<li class=\"elementor-icon-list-item\">\n\t\t\t\t\t\t\t\t\t\t\t<span class=\"elementor-icon-list-icon\">\n\t\t\t\t\t\t\t<i aria-hidden=\"true\" class=\"far fa-circle\"><\/i>\t\t\t\t\t\t<\/span>\n\t\t\t\t\t\t\t\t\t\t<span class=\"elementor-icon-list-text\">Aufbringung von l\u00e4rmoptimierten Fahrbahnbel\u00e4gen<\/span>\n\t\t\t\t\t\t\t\t\t<\/li>\n\t\t\t\t\t\t\t\t<li class=\"elementor-icon-list-item\">\n\t\t\t\t\t\t\t\t\t\t\t<span class=\"elementor-icon-list-icon\">\n\t\t\t\t\t\t\t<i aria-hidden=\"true\" class=\"far fa-circle\"><\/i>\t\t\t\t\t\t<\/span>\n\t\t\t\t\t\t\t\t\t\t<span class=\"elementor-icon-list-text\">Pr\u00fcfung f\u00fcr Geb\u00e4ude mit L\u00e4rm\u00fcberschreitungen inwieweit F\u00f6rderprogramm \nf\u00fcr den Einbau von L\u00e4rmschutzfenster in Anspruch genommen werden k\u00f6nnen<\/span>\n\t\t\t\t\t\t\t\t\t<\/li>\n\t\t\t\t\t\t<\/ul>\n\t\t\t\t<\/div>\n\t\t\t\t<\/div>\n\t\t\t\t<div class=\"elementor-element elementor-element-a7f52f7 elementor-widget elementor-widget-heading\" data-id=\"a7f52f7\" data-element_type=\"widget\" data-widget_type=\"heading.default\">\n\t\t\t\t<div class=\"elementor-widget-container\">\n\t\t\t<h2 class=\"elementor-heading-title elementor-size-default\">Weiterf\u00fchrende Informationen:<\/h2>\t\t<\/div>\n\t\t\t\t<\/div>\n\t\t\t\t<div class=\"elementor-element elementor-element-72adfd4 elementor-widget elementor-widget-text-editor\" data-id=\"72adfd4\" data-element_type=\"widget\" data-widget_type=\"text-editor.default\">\n\t\t\t\t<div class=\"elementor-widget-container\">\n\t\t\t\t\t\t\t<p>Hintergrundinformationen des Ministeriums f\u00fcr Verkehr Baden \u2013 W\u00fcrttemberg sind <a href=\"https:\/\/vm.baden-wuerttemberg.de\/de\/mensch-umwelt\/laermschutz\/laermkarten-und-aktionsplaene\/kommunale-laermaktionsplaene?highlight=l%C3%A4rmaktionsplanung\">hier<\/a> ersichtlich<\/p><p>Berichterstattung an die EU durch die Gemeinde sind <a href=\"https:\/\/big-huegelsheim.de\/wp-content\/uploads\/2021\/06\/DE_a_DF10_MRoad_08216022_Huegelsheim_v1.pdf\" target=\"_blank\" rel=\"noopener\">hier<\/a> ersichtlich (PDF Download)<\/p><p>Rechtliche Wirkung des L\u00e4rmaktionsplans ist <a href=\"https:\/\/big-huegelsheim.de\/wp-content\/uploads\/2024\/11\/Laermaktionsplan_rechtliche-Wirkung.pdf\">hier<\/a> ersichtlich<\/p>\t\t\t\t\t\t<\/div>\n\t\t\t\t<\/div>\n\t\t\t\t\t<\/div>\n\t\t<\/div>\n\t\t\t\t\t\t\t<\/div>\n\t\t<\/section>\n\t\t\t\t\t\t\t<\/div>\n\t\t","protected":false},"excerpt":{"rendered":"<p>Grundlage EU-Umgebungsl\u00e4rmrichtlinie\u00a0 2002\/49\/EG erfordert eine L\u00e4rmaktionsplanung f\u00fcr L\u00e4rm von Verkehrsmitteln, Stra\u00dfenverkehr, Eisenbahnverkehr, Flugverkehr sowie von Industrie- und Gewerbebetrieben sofern gewisse Grenzwerte \u00fcberschritten werden. Dies wurde im Bundes-Immissionsschutzgesetz (BImSchG) \u00a747 in nationales Recht umgesetzt. Wesentliche Inhalte \/ Kernaussagen: Mit der EU-Umgebungsl\u00e4rmrichtlinie gibt es einen gemeinsamen europ\u00e4ischen Ansatz zur Minderung der L\u00e4rmbelastung der Bev\u00f6lkerung. Dabei werden nach &hellip; <\/p>\n<p class=\"link-more\"><a href=\"https:\/\/big-huegelsheim.de\/?page_id=205\" class=\"more-link\"><span class=\"screen-reader-text\">\u201eL\u00e4rmaktionsplanung\u201c <\/span>weiterlesen<\/a><\/p>\n","protected":false},"author":1,"featured_media":0,"parent":0,"menu_order":0,"comment_status":"closed","ping_status":"closed","template":"","meta":{"footnotes":""},"class_list":["post-205","page","type-page","status-publish","hentry"],"yoast_head":"<!-- This site is optimized with the Yoast SEO plugin v24.9 - https:\/\/yoast.com\/wordpress\/plugins\/seo\/ -->\n<title>L\u00e4rmaktionsplanung - BIG - H\u00fcgelsheim<\/title>\n<meta name=\"robots\" content=\"index, follow, max-snippet:-1, max-image-preview:large, max-video-preview:-1\" \/>\n<link rel=\"canonical\" href=\"https:\/\/big-huegelsheim.de\/?page_id=205\" \/>\n<meta property=\"og:locale\" content=\"de_DE\" \/>\n<meta property=\"og:type\" content=\"article\" \/>\n<meta property=\"og:title\" content=\"L\u00e4rmaktionsplanung - BIG - H\u00fcgelsheim\" \/>\n<meta property=\"og:description\" content=\"Grundlage EU-Umgebungsl\u00e4rmrichtlinie\u00a0 2002\/49\/EG erfordert eine L\u00e4rmaktionsplanung f\u00fcr L\u00e4rm von Verkehrsmitteln, Stra\u00dfenverkehr, Eisenbahnverkehr, Flugverkehr sowie von Industrie- und Gewerbebetrieben sofern gewisse Grenzwerte \u00fcberschritten werden. Dies wurde im Bundes-Immissionsschutzgesetz (BImSchG) \u00a747 in nationales Recht umgesetzt. Wesentliche Inhalte \/ Kernaussagen: Mit der EU-Umgebungsl\u00e4rmrichtlinie gibt es einen gemeinsamen europ\u00e4ischen Ansatz zur Minderung der L\u00e4rmbelastung der Bev\u00f6lkerung. Dabei werden nach &hellip; \u201eL\u00e4rmaktionsplanung\u201c weiterlesen\" \/>\n<meta property=\"og:url\" content=\"https:\/\/big-huegelsheim.de\/?page_id=205\" \/>\n<meta property=\"og:site_name\" content=\"BIG - H\u00fcgelsheim\" \/>\n<meta property=\"article:modified_time\" content=\"2024-11-24T14:45:00+00:00\" \/>\n<meta property=\"og:image\" content=\"https:\/\/big-huegelsheim.de\/wp-content\/uploads\/2021\/05\/Laermaktionsplan-Bild.jpg\" \/>\n<meta name=\"twitter:card\" content=\"summary_large_image\" \/>\n<meta name=\"twitter:label1\" content=\"Gesch\u00e4tzte Lesezeit\" \/>\n\t<meta name=\"twitter:data1\" content=\"2\u00a0Minuten\" \/>\n<script type=\"application\/ld+json\" class=\"yoast-schema-graph\">{\"@context\":\"https:\/\/schema.org\",\"@graph\":[{\"@type\":\"WebPage\",\"@id\":\"https:\/\/big-huegelsheim.de\/?page_id=205\",\"url\":\"https:\/\/big-huegelsheim.de\/?page_id=205\",\"name\":\"L\u00e4rmaktionsplanung - BIG - H\u00fcgelsheim\",\"isPartOf\":{\"@id\":\"https:\/\/big-huegelsheim.de\/#website\"},\"primaryImageOfPage\":{\"@id\":\"https:\/\/big-huegelsheim.de\/?page_id=205#primaryimage\"},\"image\":{\"@id\":\"https:\/\/big-huegelsheim.de\/?page_id=205#primaryimage\"},\"thumbnailUrl\":\"https:\/\/big-huegelsheim.de\/wp-content\/uploads\/2021\/05\/Laermaktionsplan-Bild.jpg\",\"datePublished\":\"2021-05-17T19:55:49+00:00\",\"dateModified\":\"2024-11-24T14:45:00+00:00\",\"breadcrumb\":{\"@id\":\"https:\/\/big-huegelsheim.de\/?page_id=205#breadcrumb\"},\"inLanguage\":\"de\",\"potentialAction\":[{\"@type\":\"ReadAction\",\"target\":[\"https:\/\/big-huegelsheim.de\/?page_id=205\"]}]},{\"@type\":\"ImageObject\",\"inLanguage\":\"de\",\"@id\":\"https:\/\/big-huegelsheim.de\/?page_id=205#primaryimage\",\"url\":\"https:\/\/big-huegelsheim.de\/wp-content\/uploads\/2021\/05\/Laermaktionsplan-Bild.jpg\",\"contentUrl\":\"https:\/\/big-huegelsheim.de\/wp-content\/uploads\/2021\/05\/Laermaktionsplan-Bild.jpg\",\"width\":899,\"height\":640},{\"@type\":\"BreadcrumbList\",\"@id\":\"https:\/\/big-huegelsheim.de\/?page_id=205#breadcrumb\",\"itemListElement\":[{\"@type\":\"ListItem\",\"position\":1,\"name\":\"Startseite\",\"item\":\"https:\/\/big-huegelsheim.de\/\"},{\"@type\":\"ListItem\",\"position\":2,\"name\":\"L\u00e4rmaktionsplanung\"}]},{\"@type\":\"WebSite\",\"@id\":\"https:\/\/big-huegelsheim.de\/#website\",\"url\":\"https:\/\/big-huegelsheim.de\/\",\"name\":\"BIG - H\u00fcgelsheim\",\"description\":\"B\u00fcrger Interessengemeinschaft Entwicklung H\u00fcgelsheim BIGH\",\"publisher\":{\"@id\":\"https:\/\/big-huegelsheim.de\/#organization\"},\"alternateName\":\"BIGH\",\"potentialAction\":[{\"@type\":\"SearchAction\",\"target\":{\"@type\":\"EntryPoint\",\"urlTemplate\":\"https:\/\/big-huegelsheim.de\/?s={search_term_string}\"},\"query-input\":{\"@type\":\"PropertyValueSpecification\",\"valueRequired\":true,\"valueName\":\"search_term_string\"}}],\"inLanguage\":\"de\"},{\"@type\":\"Organization\",\"@id\":\"https:\/\/big-huegelsheim.de\/#organization\",\"name\":\"BIG - H\u00fcgelsheim\",\"url\":\"https:\/\/big-huegelsheim.de\/\",\"logo\":{\"@type\":\"ImageObject\",\"inLanguage\":\"de\",\"@id\":\"https:\/\/big-huegelsheim.de\/#\/schema\/logo\/image\/\",\"url\":\"https:\/\/big-huegelsheim.de\/wp-content\/uploads\/2021\/05\/cropped-Laerm-e1621962532886.png\",\"contentUrl\":\"https:\/\/big-huegelsheim.de\/wp-content\/uploads\/2021\/05\/cropped-Laerm-e1621962532886.png\",\"width\":512,\"height\":512,\"caption\":\"BIG - H\u00fcgelsheim\"},\"image\":{\"@id\":\"https:\/\/big-huegelsheim.de\/#\/schema\/logo\/image\/\"}}]}<\/script>\n<!-- \/ Yoast SEO plugin. -->","yoast_head_json":{"title":"L\u00e4rmaktionsplanung - BIG - H\u00fcgelsheim","robots":{"index":"index","follow":"follow","max-snippet":"max-snippet:-1","max-image-preview":"max-image-preview:large","max-video-preview":"max-video-preview:-1"},"canonical":"https:\/\/big-huegelsheim.de\/?page_id=205","og_locale":"de_DE","og_type":"article","og_title":"L\u00e4rmaktionsplanung - BIG - H\u00fcgelsheim","og_description":"Grundlage EU-Umgebungsl\u00e4rmrichtlinie\u00a0 2002\/49\/EG erfordert eine L\u00e4rmaktionsplanung f\u00fcr L\u00e4rm von Verkehrsmitteln, Stra\u00dfenverkehr, Eisenbahnverkehr, Flugverkehr sowie von Industrie- und Gewerbebetrieben sofern gewisse Grenzwerte \u00fcberschritten werden. Dies wurde im Bundes-Immissionsschutzgesetz (BImSchG) \u00a747 in nationales Recht umgesetzt. Wesentliche Inhalte \/ Kernaussagen: Mit der EU-Umgebungsl\u00e4rmrichtlinie gibt es einen gemeinsamen europ\u00e4ischen Ansatz zur Minderung der L\u00e4rmbelastung der Bev\u00f6lkerung. Dabei werden nach &hellip; \u201eL\u00e4rmaktionsplanung\u201c weiterlesen","og_url":"https:\/\/big-huegelsheim.de\/?page_id=205","og_site_name":"BIG - H\u00fcgelsheim","article_modified_time":"2024-11-24T14:45:00+00:00","og_image":[{"url":"https:\/\/big-huegelsheim.de\/wp-content\/uploads\/2021\/05\/Laermaktionsplan-Bild.jpg","type":"","width":"","height":""}],"twitter_card":"summary_large_image","twitter_misc":{"Gesch\u00e4tzte Lesezeit":"2\u00a0Minuten"},"schema":{"@context":"https:\/\/schema.org","@graph":[{"@type":"WebPage","@id":"https:\/\/big-huegelsheim.de\/?page_id=205","url":"https:\/\/big-huegelsheim.de\/?page_id=205","name":"L\u00e4rmaktionsplanung - BIG - H\u00fcgelsheim","isPartOf":{"@id":"https:\/\/big-huegelsheim.de\/#website"},"primaryImageOfPage":{"@id":"https:\/\/big-huegelsheim.de\/?page_id=205#primaryimage"},"image":{"@id":"https:\/\/big-huegelsheim.de\/?page_id=205#primaryimage"},"thumbnailUrl":"https:\/\/big-huegelsheim.de\/wp-content\/uploads\/2021\/05\/Laermaktionsplan-Bild.jpg","datePublished":"2021-05-17T19:55:49+00:00","dateModified":"2024-11-24T14:45:00+00:00","breadcrumb":{"@id":"https:\/\/big-huegelsheim.de\/?page_id=205#breadcrumb"},"inLanguage":"de","potentialAction":[{"@type":"ReadAction","target":["https:\/\/big-huegelsheim.de\/?page_id=205"]}]},{"@type":"ImageObject","inLanguage":"de","@id":"https:\/\/big-huegelsheim.de\/?page_id=205#primaryimage","url":"https:\/\/big-huegelsheim.de\/wp-content\/uploads\/2021\/05\/Laermaktionsplan-Bild.jpg","contentUrl":"https:\/\/big-huegelsheim.de\/wp-content\/uploads\/2021\/05\/Laermaktionsplan-Bild.jpg","width":899,"height":640},{"@type":"BreadcrumbList","@id":"https:\/\/big-huegelsheim.de\/?page_id=205#breadcrumb","itemListElement":[{"@type":"ListItem","position":1,"name":"Startseite","item":"https:\/\/big-huegelsheim.de\/"},{"@type":"ListItem","position":2,"name":"L\u00e4rmaktionsplanung"}]},{"@type":"WebSite","@id":"https:\/\/big-huegelsheim.de\/#website","url":"https:\/\/big-huegelsheim.de\/","name":"BIG - H\u00fcgelsheim","description":"B\u00fcrger Interessengemeinschaft Entwicklung H\u00fcgelsheim BIGH","publisher":{"@id":"https:\/\/big-huegelsheim.de\/#organization"},"alternateName":"BIGH","potentialAction":[{"@type":"SearchAction","target":{"@type":"EntryPoint","urlTemplate":"https:\/\/big-huegelsheim.de\/?s={search_term_string}"},"query-input":{"@type":"PropertyValueSpecification","valueRequired":true,"valueName":"search_term_string"}}],"inLanguage":"de"},{"@type":"Organization","@id":"https:\/\/big-huegelsheim.de\/#organization","name":"BIG - H\u00fcgelsheim","url":"https:\/\/big-huegelsheim.de\/","logo":{"@type":"ImageObject","inLanguage":"de","@id":"https:\/\/big-huegelsheim.de\/#\/schema\/logo\/image\/","url":"https:\/\/big-huegelsheim.de\/wp-content\/uploads\/2021\/05\/cropped-Laerm-e1621962532886.png","contentUrl":"https:\/\/big-huegelsheim.de\/wp-content\/uploads\/2021\/05\/cropped-Laerm-e1621962532886.png","width":512,"height":512,"caption":"BIG - H\u00fcgelsheim"},"image":{"@id":"https:\/\/big-huegelsheim.de\/#\/schema\/logo\/image\/"}}]}},"_links":{"self":[{"href":"https:\/\/big-huegelsheim.de\/index.php?rest_route=\/wp\/v2\/pages\/205","targetHints":{"allow":["GET"]}}],"collection":[{"href":"https:\/\/big-huegelsheim.de\/index.php?rest_route=\/wp\/v2\/pages"}],"about":[{"href":"https:\/\/big-huegelsheim.de\/index.php?rest_route=\/wp\/v2\/types\/page"}],"author":[{"embeddable":true,"href":"https:\/\/big-huegelsheim.de\/index.php?rest_route=\/wp\/v2\/users\/1"}],"replies":[{"embeddable":true,"href":"https:\/\/big-huegelsheim.de\/index.php?rest_route=%2Fwp%2Fv2%2Fcomments&post=205"}],"version-history":[{"count":139,"href":"https:\/\/big-huegelsheim.de\/index.php?rest_route=\/wp\/v2\/pages\/205\/revisions"}],"predecessor-version":[{"id":2129,"href":"https:\/\/big-huegelsheim.de\/index.php?rest_route=\/wp\/v2\/pages\/205\/revisions\/2129"}],"wp:attachment":[{"href":"https:\/\/big-huegelsheim.de\/index.php?rest_route=%2Fwp%2Fv2%2Fmedia&parent=205"}],"curies":[{"name":"wp","href":"https:\/\/api.w.org\/{rel}","templated":true}]}}