{"id":2024,"date":"2024-11-22T16:00:42","date_gmt":"2024-11-22T15:00:42","guid":{"rendered":"https:\/\/big-huegelsheim.de\/?page_id=2024"},"modified":"2024-12-06T07:40:54","modified_gmt":"2024-12-06T06:40:54","slug":"sanierung-sandbachbruecke-januar-2025","status":"publish","type":"page","link":"https:\/\/big-huegelsheim.de\/?page_id=2024","title":{"rendered":"Sanierung Sandbachbr\u00fccke ab Januar 2025"},"content":{"rendered":"\t\t<div data-elementor-type=\"wp-page\" data-elementor-id=\"2024\" class=\"elementor elementor-2024\">\n\t\t\t\t\t\t\t\t\t<section class=\"elementor-section elementor-top-section elementor-element elementor-element-3c5ec0d elementor-section-boxed elementor-section-height-default elementor-section-height-default\" data-id=\"3c5ec0d\" data-element_type=\"section\">\n\t\t\t\t\t\t<div class=\"elementor-container elementor-column-gap-default\">\n\t\t\t\t\t<div class=\"elementor-column elementor-col-100 elementor-top-column elementor-element elementor-element-53c3bf5\" data-id=\"53c3bf5\" data-element_type=\"column\">\n\t\t\t<div class=\"elementor-widget-wrap elementor-element-populated\">\n\t\t\t\t\t\t\t\t<div class=\"elementor-element elementor-element-24029be elementor-widget elementor-widget-text-editor\" data-id=\"24029be\" data-element_type=\"widget\" data-widget_type=\"text-editor.default\">\n\t\t\t\t<div class=\"elementor-widget-container\">\n\t\t\t\t\t\t\t<p>Flyer ver\u00f6ffentlicht im Nov 2024 vom Regierungspr\u00e4sidium Karlsruhe<\/p>\t\t\t\t\t\t<\/div>\n\t\t\t\t<\/div>\n\t\t\t\t\t<\/div>\n\t\t<\/div>\n\t\t\t\t\t\t\t<\/div>\n\t\t<\/section>\n\t\t\t\t<section class=\"elementor-section elementor-top-section elementor-element elementor-element-c5c14cb elementor-section-boxed elementor-section-height-default elementor-section-height-default\" data-id=\"c5c14cb\" data-element_type=\"section\">\n\t\t\t\t\t\t<div class=\"elementor-container elementor-column-gap-default\">\n\t\t\t\t\t<div class=\"elementor-column elementor-col-100 elementor-top-column elementor-element elementor-element-4607816\" data-id=\"4607816\" data-element_type=\"column\">\n\t\t\t<div class=\"elementor-widget-wrap elementor-element-populated\">\n\t\t\t\t\t\t\t\t<div class=\"elementor-element elementor-element-ac3970b elementor-widget elementor-widget-embedpress_pdf\" data-id=\"ac3970b\" data-element_type=\"widget\" data-widget_type=\"embedpress_pdf.default\">\n\t\t\t\t<div class=\"elementor-widget-container\">\n\t\t\t    <div class=\"embedpress-document-embed ep-doc-08b60a53ff9e0c9e2af7dd1ca4378d22 ose-document emebedpress-unit-percent \" data-thememode=\"default\" data-customcolor=\"\" data-toolbar=\"yes\" data-toolbar-position=\"top\" data-open=\"no\" data-presentation-mode=\"\" data-download=\"yes\" data-copy=\"yes\" data-add-image=\"\" data-rotate=\"\" data-details=\"\" data-id=\"embedpress-pdf-ac3970b\" data-selection-tool=\"0\" data-scrolling=\"0\" data-spreads=\"-1\" style=\" max-width:100%; display: inline-block\">\n\n        \n                <div >\n\n                    <div id=\"ep-elementor-content-ac3970b\" class=\"ep-elementor-content   ep-percentage-width   ep-content-protection-disabled\">\n                        <div id=\"ac3970b\" class=\"ep-embed-content-wraper\">\n                            <div><iframe title=\"L75_infoflyer-Sandbachbr\u00fccke\" class=\"embedpress-embed-document-pdf embedpress-pdf-ac3970b\" style=\"width: 600%!important;height: 550px;; max-width:100%; display: inline-block\" src=\"https:\/\/big-huegelsheim.de\/wp-admin\/admin-ajax.php?action=get_viewer&#038;file=https%3A%2F%2Fbig-huegelsheim.de%2Fwp-content%2Fuploads%2F2024%2F11%2FL75_infoflyer-Sandbachbruecke.pdf&#038;scrolling=0&#038;selection_tool=0&#038;spreads=-1#key=dGhlbWVNb2RlPWRlZmF1bHQmdG9vbGJhcj10cnVlJnBvc2l0aW9uPXRvcCZwcmVzZW50YXRpb249ZmFsc2UmbGF6eUxvYWQ9ZmFsc2UmZG93bmxvYWQ9dHJ1ZSZjb3B5X3RleHQ9dHJ1ZSZhZGRfdGV4dD1mYWxzZSZkcmF3PXRydWUmYWRkX2ltYWdlPWZhbHNlJnBkZl9yb3RhdGlvbj1mYWxzZSZwZGZfZGV0YWlscz1mYWxzZSZ6b29tX2luPXRydWUmem9vbV9vdXQ9dHJ1ZSZmaXRfdmlldz10cnVlJmJvb2ttYXJrPXRydWUmc291bmQ9dHJ1ZSZmbGlwYm9va190b29sYmFyX3Bvc2l0aW9uPWJvdHRvbSZzZWxlY3Rpb25fdG9vbD0wJnNjcm9sbGluZz0wJnNwcmVhZHM9LTEmaXNfcHJvX2FjdGl2ZT0w&#038;zoom=auto\" class=\"embedpress-embed-document-pdf embedpress-pdf-ac3970b\" data-emid=\"embedpress-pdf-ac3970b\" data-embed-type=\"PDF\" frameborder=\"0\"><\/iframe><\/div>                        <\/div>\n\n                    <\/div>\n\n\n                   \n                <\/div>\n            \n    <\/div>\n\n\t\t<\/div>\n\t\t\t\t<\/div>\n\t\t\t\t\t<\/div>\n\t\t<\/div>\n\t\t\t\t\t\t\t<\/div>\n\t\t<\/section>\n\t\t\t\t<section class=\"elementor-section elementor-top-section elementor-element elementor-element-d5427b2 elementor-section-boxed elementor-section-height-default elementor-section-height-default\" data-id=\"d5427b2\" data-element_type=\"section\">\n\t\t\t\t\t\t<div class=\"elementor-container elementor-column-gap-default\">\n\t\t\t\t\t<div class=\"elementor-column elementor-col-100 elementor-top-column elementor-element elementor-element-94f3d85\" data-id=\"94f3d85\" data-element_type=\"column\">\n\t\t\t<div class=\"elementor-widget-wrap\">\n\t\t\t\t\t\t\t\t\t<\/div>\n\t\t<\/div>\n\t\t\t\t\t\t\t<\/div>\n\t\t<\/section>\n\t\t\t\t\t\t\t<\/div>\n\t\t","protected":false},"excerpt":{"rendered":"<p>Flyer ver\u00f6ffentlicht im Nov 2024 vom Regierungspr\u00e4sidium Karlsruhe<\/p>\n","protected":false},"author":3,"featured_media":0,"parent":0,"menu_order":0,"comment_status":"closed","ping_status":"closed","template":"","meta":{"footnotes":""},"class_list":["post-2024","page","type-page","status-publish","hentry"],"yoast_head":"<!-- This site is optimized with the Yoast SEO plugin v24.9 - https:\/\/yoast.com\/wordpress\/plugins\/seo\/ -->\n<title>Sanierung Sandbachbr\u00fccke ab Januar 2025 - BIG - H\u00fcgelsheim<\/title>\n<meta name=\"robots\" content=\"index, follow, max-snippet:-1, max-image-preview:large, max-video-preview:-1\" \/>\n<link rel=\"canonical\" href=\"https:\/\/big-huegelsheim.de\/?page_id=2024\" \/>\n<meta property=\"og:locale\" content=\"de_DE\" \/>\n<meta property=\"og:type\" content=\"article\" \/>\n<meta property=\"og:title\" content=\"Sanierung Sandbachbr\u00fccke ab Januar 2025 - BIG - H\u00fcgelsheim\" \/>\n<meta property=\"og:description\" content=\"Flyer ver\u00f6ffentlicht im Nov 2024 vom Regierungspr\u00e4sidium Karlsruhe\" \/>\n<meta property=\"og:url\" content=\"https:\/\/big-huegelsheim.de\/?page_id=2024\" \/>\n<meta property=\"og:site_name\" content=\"BIG - H\u00fcgelsheim\" \/>\n<meta property=\"article:modified_time\" content=\"2024-12-06T06:40:54+00:00\" \/>\n<meta name=\"twitter:card\" content=\"summary_large_image\" \/>\n<meta name=\"twitter:label1\" content=\"Gesch\u00e4tzte Lesezeit\" \/>\n\t<meta name=\"twitter:data1\" content=\"1\u00a0Minute\" \/>\n<script type=\"application\/ld+json\" class=\"yoast-schema-graph\">{\"@context\":\"https:\/\/schema.org\",\"@graph\":[{\"@type\":\"WebPage\",\"@id\":\"https:\/\/big-huegelsheim.de\/?page_id=2024\",\"url\":\"https:\/\/big-huegelsheim.de\/?page_id=2024\",\"name\":\"Sanierung Sandbachbr\u00fccke ab Januar 2025 - BIG - H\u00fcgelsheim\",\"isPartOf\":{\"@id\":\"https:\/\/big-huegelsheim.de\/#website\"},\"datePublished\":\"2024-11-22T15:00:42+00:00\",\"dateModified\":\"2024-12-06T06:40:54+00:00\",\"breadcrumb\":{\"@id\":\"https:\/\/big-huegelsheim.de\/?page_id=2024#breadcrumb\"},\"inLanguage\":\"de\",\"potentialAction\":[{\"@type\":\"ReadAction\",\"target\":[\"https:\/\/big-huegelsheim.de\/?page_id=2024\"]}]},{\"@type\":\"BreadcrumbList\",\"@id\":\"https:\/\/big-huegelsheim.de\/?page_id=2024#breadcrumb\",\"itemListElement\":[{\"@type\":\"ListItem\",\"position\":1,\"name\":\"Startseite\",\"item\":\"https:\/\/big-huegelsheim.de\/\"},{\"@type\":\"ListItem\",\"position\":2,\"name\":\"Sanierung Sandbachbr\u00fccke ab Januar 2025\"}]},{\"@type\":\"WebSite\",\"@id\":\"https:\/\/big-huegelsheim.de\/#website\",\"url\":\"https:\/\/big-huegelsheim.de\/\",\"name\":\"BIG - H\u00fcgelsheim\",\"description\":\"B\u00fcrger Interessengemeinschaft Entwicklung H\u00fcgelsheim BIGH\",\"publisher\":{\"@id\":\"https:\/\/big-huegelsheim.de\/#organization\"},\"alternateName\":\"BIGH\",\"potentialAction\":[{\"@type\":\"SearchAction\",\"target\":{\"@type\":\"EntryPoint\",\"urlTemplate\":\"https:\/\/big-huegelsheim.de\/?s={search_term_string}\"},\"query-input\":{\"@type\":\"PropertyValueSpecification\",\"valueRequired\":true,\"valueName\":\"search_term_string\"}}],\"inLanguage\":\"de\"},{\"@type\":\"Organization\",\"@id\":\"https:\/\/big-huegelsheim.de\/#organization\",\"name\":\"BIG - H\u00fcgelsheim\",\"url\":\"https:\/\/big-huegelsheim.de\/\",\"logo\":{\"@type\":\"ImageObject\",\"inLanguage\":\"de\",\"@id\":\"https:\/\/big-huegelsheim.de\/#\/schema\/logo\/image\/\",\"url\":\"https:\/\/big-huegelsheim.de\/wp-content\/uploads\/2021\/05\/cropped-Laerm-e1621962532886.png\",\"contentUrl\":\"https:\/\/big-huegelsheim.de\/wp-content\/uploads\/2021\/05\/cropped-Laerm-e1621962532886.png\",\"width\":512,\"height\":512,\"caption\":\"BIG - H\u00fcgelsheim\"},\"image\":{\"@id\":\"https:\/\/big-huegelsheim.de\/#\/schema\/logo\/image\/\"}}]}<\/script>\n<!-- \/ Yoast SEO plugin. -->","yoast_head_json":{"title":"Sanierung Sandbachbr\u00fccke ab Januar 2025 - BIG - H\u00fcgelsheim","robots":{"index":"index","follow":"follow","max-snippet":"max-snippet:-1","max-image-preview":"max-image-preview:large","max-video-preview":"max-video-preview:-1"},"canonical":"https:\/\/big-huegelsheim.de\/?page_id=2024","og_locale":"de_DE","og_type":"article","og_title":"Sanierung Sandbachbr\u00fccke ab Januar 2025 - BIG - H\u00fcgelsheim","og_description":"Flyer ver\u00f6ffentlicht im Nov 2024 vom Regierungspr\u00e4sidium Karlsruhe","og_url":"https:\/\/big-huegelsheim.de\/?page_id=2024","og_site_name":"BIG - H\u00fcgelsheim","article_modified_time":"2024-12-06T06:40:54+00:00","twitter_card":"summary_large_image","twitter_misc":{"Gesch\u00e4tzte Lesezeit":"1\u00a0Minute"},"schema":{"@context":"https:\/\/schema.org","@graph":[{"@type":"WebPage","@id":"https:\/\/big-huegelsheim.de\/?page_id=2024","url":"https:\/\/big-huegelsheim.de\/?page_id=2024","name":"Sanierung Sandbachbr\u00fccke ab Januar 2025 - BIG - H\u00fcgelsheim","isPartOf":{"@id":"https:\/\/big-huegelsheim.de\/#website"},"datePublished":"2024-11-22T15:00:42+00:00","dateModified":"2024-12-06T06:40:54+00:00","breadcrumb":{"@id":"https:\/\/big-huegelsheim.de\/?page_id=2024#breadcrumb"},"inLanguage":"de","potentialAction":[{"@type":"ReadAction","target":["https:\/\/big-huegelsheim.de\/?page_id=2024"]}]},{"@type":"BreadcrumbList","@id":"https:\/\/big-huegelsheim.de\/?page_id=2024#breadcrumb","itemListElement":[{"@type":"ListItem","position":1,"name":"Startseite","item":"https:\/\/big-huegelsheim.de\/"},{"@type":"ListItem","position":2,"name":"Sanierung Sandbachbr\u00fccke ab Januar 2025"}]},{"@type":"WebSite","@id":"https:\/\/big-huegelsheim.de\/#website","url":"https:\/\/big-huegelsheim.de\/","name":"BIG - H\u00fcgelsheim","description":"B\u00fcrger Interessengemeinschaft Entwicklung H\u00fcgelsheim BIGH","publisher":{"@id":"https:\/\/big-huegelsheim.de\/#organization"},"alternateName":"BIGH","potentialAction":[{"@type":"SearchAction","target":{"@type":"EntryPoint","urlTemplate":"https:\/\/big-huegelsheim.de\/?s={search_term_string}"},"query-input":{"@type":"PropertyValueSpecification","valueRequired":true,"valueName":"search_term_string"}}],"inLanguage":"de"},{"@type":"Organization","@id":"https:\/\/big-huegelsheim.de\/#organization","name":"BIG - H\u00fcgelsheim","url":"https:\/\/big-huegelsheim.de\/","logo":{"@type":"ImageObject","inLanguage":"de","@id":"https:\/\/big-huegelsheim.de\/#\/schema\/logo\/image\/","url":"https:\/\/big-huegelsheim.de\/wp-content\/uploads\/2021\/05\/cropped-Laerm-e1621962532886.png","contentUrl":"https:\/\/big-huegelsheim.de\/wp-content\/uploads\/2021\/05\/cropped-Laerm-e1621962532886.png","width":512,"height":512,"caption":"BIG - H\u00fcgelsheim"},"image":{"@id":"https:\/\/big-huegelsheim.de\/#\/schema\/logo\/image\/"}}]}},"_links":{"self":[{"href":"https:\/\/big-huegelsheim.de\/index.php?rest_route=\/wp\/v2\/pages\/2024","targetHints":{"allow":["GET"]}}],"collection":[{"href":"https:\/\/big-huegelsheim.de\/index.php?rest_route=\/wp\/v2\/pages"}],"about":[{"href":"https:\/\/big-huegelsheim.de\/index.php?rest_route=\/wp\/v2\/types\/page"}],"author":[{"embeddable":true,"href":"https:\/\/big-huegelsheim.de\/index.php?rest_route=\/wp\/v2\/users\/3"}],"replies":[{"embeddable":true,"href":"https:\/\/big-huegelsheim.de\/index.php?rest_route=%2Fwp%2Fv2%2Fcomments&post=2024"}],"version-history":[{"count":23,"href":"https:\/\/big-huegelsheim.de\/index.php?rest_route=\/wp\/v2\/pages\/2024\/revisions"}],"predecessor-version":[{"id":2122,"href":"https:\/\/big-huegelsheim.de\/index.php?rest_route=\/wp\/v2\/pages\/2024\/revisions\/2122"}],"wp:attachment":[{"href":"https:\/\/big-huegelsheim.de\/index.php?rest_route=%2Fwp%2Fv2%2Fmedia&parent=2024"}],"curies":[{"name":"wp","href":"https:\/\/api.w.org\/{rel}","templated":true}]}}