{"id":1058,"date":"2023-11-14T10:12:32","date_gmt":"2023-11-14T09:12:32","guid":{"rendered":"https:\/\/big-huegelsheim.de\/?page_id=1058"},"modified":"2024-11-24T09:36:14","modified_gmt":"2024-11-24T08:36:14","slug":"verkehrsentwicklung","status":"publish","type":"page","link":"https:\/\/big-huegelsheim.de\/?page_id=1058","title":{"rendered":"Aktuelle Situation"},"content":{"rendered":"\t\t<div data-elementor-type=\"wp-page\" data-elementor-id=\"1058\" class=\"elementor elementor-1058\">\n\t\t\t\t\t\t\t\t\t<section class=\"elementor-section elementor-top-section elementor-element elementor-element-debabbb elementor-section-full_width elementor-section-height-default elementor-section-height-default\" data-id=\"debabbb\" data-element_type=\"section\">\n\t\t\t\t\t\t<div class=\"elementor-container elementor-column-gap-default\">\n\t\t\t\t\t<div class=\"elementor-column elementor-col-100 elementor-top-column elementor-element elementor-element-f76247a\" data-id=\"f76247a\" data-element_type=\"column\">\n\t\t\t<div class=\"elementor-widget-wrap elementor-element-populated\">\n\t\t\t\t\t\t\t\t<div class=\"elementor-element elementor-element-a0018eb elementor-widget elementor-widget-heading\" data-id=\"a0018eb\" data-element_type=\"widget\" data-widget_type=\"heading.default\">\n\t\t\t\t<div class=\"elementor-widget-container\">\n\t\t\t<h2 class=\"elementor-heading-title elementor-size-default\">Neue Wege f\u00fcr die Anbindung des Baden-Airparks: Fortschritt am Runden Tisch und Ausblick auf die Zukunft<\/h2>\t\t<\/div>\n\t\t\t\t<\/div>\n\t\t\t\t<div class=\"elementor-element elementor-element-6315ef0 elementor-widget elementor-widget-image\" data-id=\"6315ef0\" data-element_type=\"widget\" data-widget_type=\"image.default\">\n\t\t\t\t<div class=\"elementor-widget-container\">\n\t\t\t\t\t\t\t\t\t\t\t\t\t\t\t<img loading=\"lazy\" decoding=\"async\" width=\"512\" height=\"512\" src=\"https:\/\/big-huegelsheim.de\/wp-content\/uploads\/2021\/05\/cropped-Verkehrsbelastung-e1621343089261.jpg\" class=\"attachment-large size-large wp-image-739\" alt=\"\" srcset=\"https:\/\/big-huegelsheim.de\/wp-content\/uploads\/2021\/05\/cropped-Verkehrsbelastung-e1621343089261.jpg 512w, https:\/\/big-huegelsheim.de\/wp-content\/uploads\/2021\/05\/cropped-Verkehrsbelastung-e1621343089261-300x300.jpg 300w, https:\/\/big-huegelsheim.de\/wp-content\/uploads\/2021\/05\/cropped-Verkehrsbelastung-e1621343089261-150x150.jpg 150w, https:\/\/big-huegelsheim.de\/wp-content\/uploads\/2021\/05\/cropped-Verkehrsbelastung-e1621343089261-100x100.jpg 100w, https:\/\/big-huegelsheim.de\/wp-content\/uploads\/2021\/05\/cropped-Verkehrsbelastung-e1621343089261-270x270.jpg 270w, https:\/\/big-huegelsheim.de\/wp-content\/uploads\/2021\/05\/cropped-Verkehrsbelastung-e1621343089261-192x192.jpg 192w, https:\/\/big-huegelsheim.de\/wp-content\/uploads\/2021\/05\/cropped-Verkehrsbelastung-e1621343089261-180x180.jpg 180w, https:\/\/big-huegelsheim.de\/wp-content\/uploads\/2021\/05\/cropped-Verkehrsbelastung-e1621343089261-32x32.jpg 32w\" sizes=\"auto, 100vw\" \/>\t\t\t\t\t\t\t\t\t\t\t\t\t\t\t<\/div>\n\t\t\t\t<\/div>\n\t\t\t\t<div class=\"elementor-element elementor-element-bbb5980 elementor-widget elementor-widget-text-editor\" data-id=\"bbb5980\" data-element_type=\"widget\" data-widget_type=\"text-editor.default\">\n\t\t\t\t<div class=\"elementor-widget-container\">\n\t\t\t\t\t\t\t<p>F\u00fcr die Anbindung des Baden-Airpark wird eine neue Planung notwendig, nachdem die vom Landkreis Rastatt beantragte Ostanbindung des Baden-Airpark an die A 5 aufgrund zwingender Vorgaben des Habitat- und Artenschutzrechts nicht genehmigungsf\u00e4hig war. Auf Antrag des Landkreises Rastatt hatte das Regierungspr\u00e4sidium Karlsruhe daraufhin im Oktober 2020 formell das Planfeststellungsverfahren beendet.<\/p>\n<p><span style=\"color: var( --e-global-color-text ); font-family: var( --e-global-typography-text-font-family ), Sans-serif; font-weight: var( --e-global-typography-text-font-weight ); font-size: 1rem;\">Um gemeinsam mit dem Land und dem Landkreis Rastatt nach L\u00f6sungen zur stra\u00dfenverkehrlichen Anbindung des Baden-Airparks und zur Entlastung der betroffenen Kommunen zu suchen, haben sich das Land und Landkreis f\u00fcr den geforderten runden Tisch geeinigt.<\/span><\/p>\n<p>Das gemeinsame Ziel der Partner ist die zuk\u00fcnftige Verbesserung der stra\u00dfenverkehrlichen<br \/>Anbindung des Baden-Airparks und die Entlastung der anliegenden Kommunen,<br \/>insbesondere von H\u00fcgelsheim, vom Verkehr und den daraus resultierenden Belastungen.<br \/>Dabei m\u00fcssen die Belange des Umwelt- und Naturschutzes ber\u00fccksichtigt werden.<br \/>Die L\u00f6sung muss fl\u00e4chenschonend und verkehrlich funktional sein.<\/p>\n<p>Am runden Tisch sind unter anderem Vertreter von Landkreis, Regierungspr\u00e4sidium, Kommunen, Baden-Airpark, der Naturschutzverb\u00e4nde und aus H\u00fcgelsheim die Vertreter der Gemeindeverwaltung, wie auch der B\u00fcrgerinteressensgemeinschaft <strong>BIGH<\/strong> beteiligt.<\/p>\n<p><span style=\"color: var( --e-global-color-text ); font-family: var( --e-global-typography-text-font-family ), Sans-serif; font-weight: var( --e-global-typography-text-font-weight ); font-size: 1rem;\">Der runde Tisch ist in einen Arbeitskreis und weiter in drei Arbeitsgruppen aufgliedert, die sich u.a. mit den Themen Umwelt, Verkehr und sozial-\u00f6konomischen Aspekten des Projekts besch\u00e4ftigen. Bisher fanden mehrere Abstimmungstermine statt.<\/span><\/p>\n<p><span style=\"color: var( --e-global-color-text ); font-family: var( --e-global-typography-text-font-family ), Sans-serif; font-weight: var( --e-global-typography-text-font-weight ); font-size: 1rem;\">Es werden in Kategorien die Kriterien (K.O. Kriterien, relative K.O. Kriterien und erg\u00e4nzende Kriterien) zur Bewertung der m\u00f6glichen Varianten erarbeitet.<\/span><\/p>\n<p>Insgesamt wurden von den Mitgliedern des Arbeitskreises 21 Varianten zur stra\u00dfenverkehrlichen Anbindung des Baden-Airparks und zur Entlastung der betroffenen Kommunen, insbesondere von H\u00fcgelsheim, vorgeschlagen.<\/p>\n<p>Das Verfahren soll bis Ende 2024 abgeschlossen sein. Regierungspr\u00e4sidentin Felder ist optimistisch, dass dann eine gemeinsame Empfehlung aller Beteiligten zur stra\u00dfenverkehrlichen Anbindung des Baden-Airparks und zur Entlastung der betroffenen Kommunen, insbesondere von H\u00fcgelsheim auf dem Tisch liegt.<\/p>\n<p>Eine solche Empfehlung w\u00fcrde allerdings nicht zwangsl\u00e4ufig umgesetzt. Der Vorschlag m\u00fcsste dann noch die politischen und verwaltungsrechtlichen Verfahren durchlaufen. \u201eDas ist ein Beteiligungsformat, kein Entscheidungsformat\u201c, so Verkehrsminister Hermann.<\/p>\t\t\t\t\t\t<\/div>\n\t\t\t\t<\/div>\n\t\t\t\t\t<\/div>\n\t\t<\/div>\n\t\t\t\t\t\t\t<\/div>\n\t\t<\/section>\n\t\t\t\t\t\t\t<\/div>\n\t\t","protected":false},"excerpt":{"rendered":"<p>Neue Wege f\u00fcr die Anbindung des Baden-Airparks: Fortschritt am Runden Tisch und Ausblick auf die Zukunft F\u00fcr die Anbindung des Baden-Airpark wird eine neue Planung notwendig, nachdem die vom Landkreis Rastatt beantragte Ostanbindung des Baden-Airpark an die A 5 aufgrund zwingender Vorgaben des Habitat- und Artenschutzrechts nicht genehmigungsf\u00e4hig war. Auf Antrag des Landkreises Rastatt hatte &hellip; <\/p>\n<p class=\"link-more\"><a href=\"https:\/\/big-huegelsheim.de\/?page_id=1058\" class=\"more-link\"><span class=\"screen-reader-text\">\u201eAktuelle Situation\u201c <\/span>weiterlesen<\/a><\/p>\n","protected":false},"author":3,"featured_media":0,"parent":0,"menu_order":0,"comment_status":"closed","ping_status":"closed","template":"","meta":{"footnotes":""},"class_list":["post-1058","page","type-page","status-publish","hentry"],"yoast_head":"<!-- This site is optimized with the Yoast SEO plugin v24.9 - https:\/\/yoast.com\/wordpress\/plugins\/seo\/ -->\n<title>Aktuelle Situation - BIG - H\u00fcgelsheim<\/title>\n<meta name=\"robots\" content=\"index, follow, max-snippet:-1, max-image-preview:large, max-video-preview:-1\" \/>\n<link rel=\"canonical\" href=\"https:\/\/big-huegelsheim.de\/?page_id=1058\" \/>\n<meta property=\"og:locale\" content=\"de_DE\" \/>\n<meta property=\"og:type\" content=\"article\" \/>\n<meta property=\"og:title\" content=\"Aktuelle Situation - BIG - H\u00fcgelsheim\" \/>\n<meta property=\"og:description\" content=\"Neue Wege f\u00fcr die Anbindung des Baden-Airparks: Fortschritt am Runden Tisch und Ausblick auf die Zukunft F\u00fcr die Anbindung des Baden-Airpark wird eine neue Planung notwendig, nachdem die vom Landkreis Rastatt beantragte Ostanbindung des Baden-Airpark an die A 5 aufgrund zwingender Vorgaben des Habitat- und Artenschutzrechts nicht genehmigungsf\u00e4hig war. Auf Antrag des Landkreises Rastatt hatte &hellip; \u201eAktuelle Situation\u201c weiterlesen\" \/>\n<meta property=\"og:url\" content=\"https:\/\/big-huegelsheim.de\/?page_id=1058\" \/>\n<meta property=\"og:site_name\" content=\"BIG - H\u00fcgelsheim\" \/>\n<meta property=\"article:modified_time\" content=\"2024-11-24T08:36:14+00:00\" \/>\n<meta property=\"og:image\" content=\"https:\/\/big-huegelsheim.de\/wp-content\/uploads\/2021\/05\/cropped-Verkehrsbelastung-e1621343089261.jpg\" \/>\n<meta name=\"twitter:card\" content=\"summary_large_image\" \/>\n<meta name=\"twitter:label1\" content=\"Gesch\u00e4tzte Lesezeit\" \/>\n\t<meta name=\"twitter:data1\" content=\"2\u00a0Minuten\" \/>\n<script type=\"application\/ld+json\" class=\"yoast-schema-graph\">{\"@context\":\"https:\/\/schema.org\",\"@graph\":[{\"@type\":\"WebPage\",\"@id\":\"https:\/\/big-huegelsheim.de\/?page_id=1058\",\"url\":\"https:\/\/big-huegelsheim.de\/?page_id=1058\",\"name\":\"Aktuelle Situation - BIG - H\u00fcgelsheim\",\"isPartOf\":{\"@id\":\"https:\/\/big-huegelsheim.de\/#website\"},\"primaryImageOfPage\":{\"@id\":\"https:\/\/big-huegelsheim.de\/?page_id=1058#primaryimage\"},\"image\":{\"@id\":\"https:\/\/big-huegelsheim.de\/?page_id=1058#primaryimage\"},\"thumbnailUrl\":\"https:\/\/big-huegelsheim.de\/wp-content\/uploads\/2021\/05\/cropped-Verkehrsbelastung-e1621343089261.jpg\",\"datePublished\":\"2023-11-14T09:12:32+00:00\",\"dateModified\":\"2024-11-24T08:36:14+00:00\",\"breadcrumb\":{\"@id\":\"https:\/\/big-huegelsheim.de\/?page_id=1058#breadcrumb\"},\"inLanguage\":\"de\",\"potentialAction\":[{\"@type\":\"ReadAction\",\"target\":[\"https:\/\/big-huegelsheim.de\/?page_id=1058\"]}]},{\"@type\":\"ImageObject\",\"inLanguage\":\"de\",\"@id\":\"https:\/\/big-huegelsheim.de\/?page_id=1058#primaryimage\",\"url\":\"https:\/\/big-huegelsheim.de\/wp-content\/uploads\/2021\/05\/cropped-Verkehrsbelastung-e1621343089261.jpg\",\"contentUrl\":\"https:\/\/big-huegelsheim.de\/wp-content\/uploads\/2021\/05\/cropped-Verkehrsbelastung-e1621343089261.jpg\",\"width\":512,\"height\":512},{\"@type\":\"BreadcrumbList\",\"@id\":\"https:\/\/big-huegelsheim.de\/?page_id=1058#breadcrumb\",\"itemListElement\":[{\"@type\":\"ListItem\",\"position\":1,\"name\":\"Startseite\",\"item\":\"https:\/\/big-huegelsheim.de\/\"},{\"@type\":\"ListItem\",\"position\":2,\"name\":\"Aktuelle Situation\"}]},{\"@type\":\"WebSite\",\"@id\":\"https:\/\/big-huegelsheim.de\/#website\",\"url\":\"https:\/\/big-huegelsheim.de\/\",\"name\":\"BIG - H\u00fcgelsheim\",\"description\":\"B\u00fcrger Interessengemeinschaft Entwicklung H\u00fcgelsheim BIGH\",\"publisher\":{\"@id\":\"https:\/\/big-huegelsheim.de\/#organization\"},\"alternateName\":\"BIGH\",\"potentialAction\":[{\"@type\":\"SearchAction\",\"target\":{\"@type\":\"EntryPoint\",\"urlTemplate\":\"https:\/\/big-huegelsheim.de\/?s={search_term_string}\"},\"query-input\":{\"@type\":\"PropertyValueSpecification\",\"valueRequired\":true,\"valueName\":\"search_term_string\"}}],\"inLanguage\":\"de\"},{\"@type\":\"Organization\",\"@id\":\"https:\/\/big-huegelsheim.de\/#organization\",\"name\":\"BIG - H\u00fcgelsheim\",\"url\":\"https:\/\/big-huegelsheim.de\/\",\"logo\":{\"@type\":\"ImageObject\",\"inLanguage\":\"de\",\"@id\":\"https:\/\/big-huegelsheim.de\/#\/schema\/logo\/image\/\",\"url\":\"https:\/\/big-huegelsheim.de\/wp-content\/uploads\/2021\/05\/cropped-Laerm-e1621962532886.png\",\"contentUrl\":\"https:\/\/big-huegelsheim.de\/wp-content\/uploads\/2021\/05\/cropped-Laerm-e1621962532886.png\",\"width\":512,\"height\":512,\"caption\":\"BIG - H\u00fcgelsheim\"},\"image\":{\"@id\":\"https:\/\/big-huegelsheim.de\/#\/schema\/logo\/image\/\"}}]}<\/script>\n<!-- \/ Yoast SEO plugin. -->","yoast_head_json":{"title":"Aktuelle Situation - BIG - H\u00fcgelsheim","robots":{"index":"index","follow":"follow","max-snippet":"max-snippet:-1","max-image-preview":"max-image-preview:large","max-video-preview":"max-video-preview:-1"},"canonical":"https:\/\/big-huegelsheim.de\/?page_id=1058","og_locale":"de_DE","og_type":"article","og_title":"Aktuelle Situation - BIG - H\u00fcgelsheim","og_description":"Neue Wege f\u00fcr die Anbindung des Baden-Airparks: Fortschritt am Runden Tisch und Ausblick auf die Zukunft F\u00fcr die Anbindung des Baden-Airpark wird eine neue Planung notwendig, nachdem die vom Landkreis Rastatt beantragte Ostanbindung des Baden-Airpark an die A 5 aufgrund zwingender Vorgaben des Habitat- und Artenschutzrechts nicht genehmigungsf\u00e4hig war. Auf Antrag des Landkreises Rastatt hatte &hellip; \u201eAktuelle Situation\u201c weiterlesen","og_url":"https:\/\/big-huegelsheim.de\/?page_id=1058","og_site_name":"BIG - H\u00fcgelsheim","article_modified_time":"2024-11-24T08:36:14+00:00","og_image":[{"url":"https:\/\/big-huegelsheim.de\/wp-content\/uploads\/2021\/05\/cropped-Verkehrsbelastung-e1621343089261.jpg","type":"","width":"","height":""}],"twitter_card":"summary_large_image","twitter_misc":{"Gesch\u00e4tzte Lesezeit":"2\u00a0Minuten"},"schema":{"@context":"https:\/\/schema.org","@graph":[{"@type":"WebPage","@id":"https:\/\/big-huegelsheim.de\/?page_id=1058","url":"https:\/\/big-huegelsheim.de\/?page_id=1058","name":"Aktuelle Situation - BIG - H\u00fcgelsheim","isPartOf":{"@id":"https:\/\/big-huegelsheim.de\/#website"},"primaryImageOfPage":{"@id":"https:\/\/big-huegelsheim.de\/?page_id=1058#primaryimage"},"image":{"@id":"https:\/\/big-huegelsheim.de\/?page_id=1058#primaryimage"},"thumbnailUrl":"https:\/\/big-huegelsheim.de\/wp-content\/uploads\/2021\/05\/cropped-Verkehrsbelastung-e1621343089261.jpg","datePublished":"2023-11-14T09:12:32+00:00","dateModified":"2024-11-24T08:36:14+00:00","breadcrumb":{"@id":"https:\/\/big-huegelsheim.de\/?page_id=1058#breadcrumb"},"inLanguage":"de","potentialAction":[{"@type":"ReadAction","target":["https:\/\/big-huegelsheim.de\/?page_id=1058"]}]},{"@type":"ImageObject","inLanguage":"de","@id":"https:\/\/big-huegelsheim.de\/?page_id=1058#primaryimage","url":"https:\/\/big-huegelsheim.de\/wp-content\/uploads\/2021\/05\/cropped-Verkehrsbelastung-e1621343089261.jpg","contentUrl":"https:\/\/big-huegelsheim.de\/wp-content\/uploads\/2021\/05\/cropped-Verkehrsbelastung-e1621343089261.jpg","width":512,"height":512},{"@type":"BreadcrumbList","@id":"https:\/\/big-huegelsheim.de\/?page_id=1058#breadcrumb","itemListElement":[{"@type":"ListItem","position":1,"name":"Startseite","item":"https:\/\/big-huegelsheim.de\/"},{"@type":"ListItem","position":2,"name":"Aktuelle Situation"}]},{"@type":"WebSite","@id":"https:\/\/big-huegelsheim.de\/#website","url":"https:\/\/big-huegelsheim.de\/","name":"BIG - H\u00fcgelsheim","description":"B\u00fcrger Interessengemeinschaft Entwicklung H\u00fcgelsheim BIGH","publisher":{"@id":"https:\/\/big-huegelsheim.de\/#organization"},"alternateName":"BIGH","potentialAction":[{"@type":"SearchAction","target":{"@type":"EntryPoint","urlTemplate":"https:\/\/big-huegelsheim.de\/?s={search_term_string}"},"query-input":{"@type":"PropertyValueSpecification","valueRequired":true,"valueName":"search_term_string"}}],"inLanguage":"de"},{"@type":"Organization","@id":"https:\/\/big-huegelsheim.de\/#organization","name":"BIG - H\u00fcgelsheim","url":"https:\/\/big-huegelsheim.de\/","logo":{"@type":"ImageObject","inLanguage":"de","@id":"https:\/\/big-huegelsheim.de\/#\/schema\/logo\/image\/","url":"https:\/\/big-huegelsheim.de\/wp-content\/uploads\/2021\/05\/cropped-Laerm-e1621962532886.png","contentUrl":"https:\/\/big-huegelsheim.de\/wp-content\/uploads\/2021\/05\/cropped-Laerm-e1621962532886.png","width":512,"height":512,"caption":"BIG - H\u00fcgelsheim"},"image":{"@id":"https:\/\/big-huegelsheim.de\/#\/schema\/logo\/image\/"}}]}},"_links":{"self":[{"href":"https:\/\/big-huegelsheim.de\/index.php?rest_route=\/wp\/v2\/pages\/1058","targetHints":{"allow":["GET"]}}],"collection":[{"href":"https:\/\/big-huegelsheim.de\/index.php?rest_route=\/wp\/v2\/pages"}],"about":[{"href":"https:\/\/big-huegelsheim.de\/index.php?rest_route=\/wp\/v2\/types\/page"}],"author":[{"embeddable":true,"href":"https:\/\/big-huegelsheim.de\/index.php?rest_route=\/wp\/v2\/users\/3"}],"replies":[{"embeddable":true,"href":"https:\/\/big-huegelsheim.de\/index.php?rest_route=%2Fwp%2Fv2%2Fcomments&post=1058"}],"version-history":[{"count":45,"href":"https:\/\/big-huegelsheim.de\/index.php?rest_route=\/wp\/v2\/pages\/1058\/revisions"}],"predecessor-version":[{"id":2075,"href":"https:\/\/big-huegelsheim.de\/index.php?rest_route=\/wp\/v2\/pages\/1058\/revisions\/2075"}],"wp:attachment":[{"href":"https:\/\/big-huegelsheim.de\/index.php?rest_route=%2Fwp%2Fv2%2Fmedia&parent=1058"}],"curies":[{"name":"wp","href":"https:\/\/api.w.org\/{rel}","templated":true}]}}