{"id":1030,"date":"2023-11-13T10:48:24","date_gmt":"2023-11-13T09:48:24","guid":{"rendered":"https:\/\/big-huegelsheim.de\/?page_id=1030"},"modified":"2023-11-21T08:30:20","modified_gmt":"2023-11-21T07:30:20","slug":"status-runder-tisch-im-maerz-2023","status":"publish","type":"page","link":"https:\/\/big-huegelsheim.de\/?page_id=1030","title":{"rendered":"Status &#8222;Runder Tisch&#8220; im M\u00e4rz 2023"},"content":{"rendered":"\t\t<div data-elementor-type=\"wp-page\" data-elementor-id=\"1030\" class=\"elementor elementor-1030\">\n\t\t\t\t\t\t\t\t\t<section class=\"elementor-section elementor-top-section elementor-element elementor-element-1a6f3a6 elementor-section-full_width elementor-section-height-default elementor-section-height-default\" data-id=\"1a6f3a6\" data-element_type=\"section\">\n\t\t\t\t\t\t<div class=\"elementor-container elementor-column-gap-default\">\n\t\t\t\t\t<div class=\"elementor-column elementor-col-100 elementor-top-column elementor-element elementor-element-2aede62\" data-id=\"2aede62\" data-element_type=\"column\">\n\t\t\t<div class=\"elementor-widget-wrap elementor-element-populated\">\n\t\t\t\t\t\t\t\t<div class=\"elementor-element elementor-element-dfc7438 elementor-widget elementor-widget-heading\" data-id=\"dfc7438\" data-element_type=\"widget\" data-widget_type=\"heading.default\">\n\t\t\t\t<div class=\"elementor-widget-container\">\n\t\t\t<h2 class=\"elementor-heading-title elementor-size-default\">Update zur B\u00fcrgerbeteiligung: Aktive Mitwirkung an Arbeitsgruppen und Variantenvorschl\u00e4gen f\u00fcr die Verkehrsplanung in H\u00fcgelsheim<\/h2>\t\t<\/div>\n\t\t\t\t<\/div>\n\t\t\t\t<div class=\"elementor-element elementor-element-66d2391 elementor-widget__width-initial elementor-widget elementor-widget-text-editor\" data-id=\"66d2391\" data-element_type=\"widget\" data-widget_type=\"text-editor.default\">\n\t\t\t\t<div class=\"elementor-widget-container\">\n\t\t\t\t\t\t\t<p><strong><\/strong>Nach der Einladung im Februar letzten Jahres haben wir zwischenzeitlich an allen 5 Arbeitsgruppensitzungen zu den Themen Umwelt, Sozio-\u00d6konomie und Verkehr mit mehreren Teilnehmern aktiv mit zahlreichen Beitr\u00e4gen und Ausarbeitungen teilgenommen. Wir haben weiterhin auch mit einem Vertreter an den 5 Arbeitskreissitzungen teilgenommen.<\/p>\n<p>Das Landratsamt hat am 12.05.2023 eine Brosch\u00fcre ver\u00f6ffentlicht, die die Zusammensetzung und den geplanten Lauf der Dinge sehr \u00fcbersichtlich aufzeigt. Die nachfolgend eingef\u00fcgten Folien sind dieser Brosch\u00fcre entnommen.<\/p>\n<p>Wir sind hier neben verschiedenen Beh\u00f6rden und Kommunen die einzige B\u00fcrgerbeteiligung:<\/p>\t\t\t\t\t\t<\/div>\n\t\t\t\t<\/div>\n\t\t\t\t<div class=\"elementor-element elementor-element-2717749 elementor-widget__width-initial elementor-widget elementor-widget-image\" data-id=\"2717749\" data-element_type=\"widget\" data-widget_type=\"image.default\">\n\t\t\t\t<div class=\"elementor-widget-container\">\n\t\t\t\t\t\t\t\t\t\t\t\t\t\t\t\t<a href=\"https:\/\/big-huegelsheim.de\/wp-content\/uploads\/2023\/11\/Mitglieder-Runder-Tisch.jpg\" data-elementor-open-lightbox=\"yes\" data-elementor-lightbox-title=\"Mitglieder Runder Tisch\" data-e-action-hash=\"#elementor-action%3Aaction%3Dlightbox%26settings%3DeyJpZCI6MTAxNCwidXJsIjoiaHR0cHM6XC9cL2JpZy1odWVnZWxzaGVpbS5kZVwvd3AtY29udGVudFwvdXBsb2Fkc1wvMjAyM1wvMTFcL01pdGdsaWVkZXItUnVuZGVyLVRpc2NoLWUxNzAwMDg4Nzg0MjAyLmpwZyJ9\">\n\t\t\t\t\t\t\t<img loading=\"lazy\" decoding=\"async\" width=\"525\" height=\"340\" src=\"https:\/\/big-huegelsheim.de\/wp-content\/uploads\/2023\/11\/Mitglieder-Runder-Tisch-e1700088784202-1024x664.jpg\" class=\"attachment-large size-large wp-image-1014\" alt=\"\" srcset=\"https:\/\/big-huegelsheim.de\/wp-content\/uploads\/2023\/11\/Mitglieder-Runder-Tisch-e1700088784202-1024x664.jpg 1024w, https:\/\/big-huegelsheim.de\/wp-content\/uploads\/2023\/11\/Mitglieder-Runder-Tisch-e1700088784202-300x194.jpg 300w, https:\/\/big-huegelsheim.de\/wp-content\/uploads\/2023\/11\/Mitglieder-Runder-Tisch-e1700088784202-768x498.jpg 768w, https:\/\/big-huegelsheim.de\/wp-content\/uploads\/2023\/11\/Mitglieder-Runder-Tisch-e1700088784202.jpg 1341w\" sizes=\"auto, 100vw\" \/>\t\t\t\t\t\t\t\t<\/a>\n\t\t\t\t\t\t\t\t\t\t\t\t\t\t\t<\/div>\n\t\t\t\t<\/div>\n\t\t\t\t<div class=\"elementor-element elementor-element-58e00a4 elementor-widget elementor-widget-text-editor\" data-id=\"58e00a4\" data-element_type=\"widget\" data-widget_type=\"text-editor.default\">\n\t\t\t\t<div class=\"elementor-widget-container\">\n\t\t\t\t\t\t\t<p>Das Projekt gestaltet sich folgenderma\u00dfen:<\/p><p>Zu allen drei Themenbereichen wurden durch die Teilnehmer Kriterienpunkte gesammelt und dann drei Kategorien zugeordnet (siehe unten).<\/p><p>Hierbei sind absolute KO-Kriterien solche, die aufgrund gesetzlicher Vorgaben oder durch faktische Dimension den sofortigen Ausschluss einer Variante bewirken. Relative KO-Kriterien hingegen f\u00fchren ggf. erst im Zusammenwirken mit anderen Kriterien zu einem Ausschluss. Anhand der erg\u00e4nzenden Kriterien sollen dann die verbleibenden Varianten bewertet werden, die nicht durch ein absolutes oder relatives KO-Kriterium ausgeschieden sind.<\/p>\t\t\t\t\t\t<\/div>\n\t\t\t\t<\/div>\n\t\t\t\t<div class=\"elementor-element elementor-element-f984cbe elementor-widget elementor-widget-image\" data-id=\"f984cbe\" data-element_type=\"widget\" data-widget_type=\"image.default\">\n\t\t\t\t<div class=\"elementor-widget-container\">\n\t\t\t\t\t\t\t\t\t\t\t\t\t\t\t\t<a href=\"https:\/\/big-huegelsheim.de\/wp-content\/uploads\/2023\/11\/Kriterien-FKB-Anbindung.jpg\" data-elementor-open-lightbox=\"yes\" data-elementor-lightbox-title=\"Kriterien FKB Anbindung\" data-e-action-hash=\"#elementor-action%3Aaction%3Dlightbox%26settings%3DeyJpZCI6MTAxMywidXJsIjoiaHR0cHM6XC9cL2JpZy1odWVnZWxzaGVpbS5kZVwvd3AtY29udGVudFwvdXBsb2Fkc1wvMjAyM1wvMTFcL0tyaXRlcmllbi1GS0ItQW5iaW5kdW5nLWUxNzAwMDgzNzc2MzMyLmpwZyJ9\">\n\t\t\t\t\t\t\t<img loading=\"lazy\" decoding=\"async\" width=\"525\" height=\"356\" src=\"https:\/\/big-huegelsheim.de\/wp-content\/uploads\/2023\/11\/Kriterien-FKB-Anbindung-e1700083776332.jpg\" class=\"attachment-large size-large wp-image-1013\" alt=\"\" srcset=\"https:\/\/big-huegelsheim.de\/wp-content\/uploads\/2023\/11\/Kriterien-FKB-Anbindung-e1700083776332.jpg 870w, https:\/\/big-huegelsheim.de\/wp-content\/uploads\/2023\/11\/Kriterien-FKB-Anbindung-e1700083776332-300x203.jpg 300w, https:\/\/big-huegelsheim.de\/wp-content\/uploads\/2023\/11\/Kriterien-FKB-Anbindung-e1700083776332-768x521.jpg 768w\" sizes=\"auto, 100vw\" \/>\t\t\t\t\t\t\t\t<\/a>\n\t\t\t\t\t\t\t\t\t\t\t\t\t\t\t<\/div>\n\t\t\t\t<\/div>\n\t\t\t\t<div class=\"elementor-element elementor-element-719b3c0 elementor-widget elementor-widget-text-editor\" data-id=\"719b3c0\" data-element_type=\"widget\" data-widget_type=\"text-editor.default\">\n\t\t\t\t<div class=\"elementor-widget-container\">\n\t\t\t\t\t\t\t<p>Von jeder teilnehmenden Interessengruppe und Beh\u00f6rde konnten drei pr\u00e4ferierte Trassenvorschl\u00e4ge eingereicht werden. So wurden neben der Null-Variante (Beibehaltung des status quo ohne weitere Veranlassung) insgesamt 20 weitere, teils auch \u00e4hnliche Trassen vorgeschlagen.<\/p>\t\t\t\t\t\t<\/div>\n\t\t\t\t<\/div>\n\t\t\t\t<div class=\"elementor-element elementor-element-3157fc9 elementor-widget elementor-widget-text-editor\" data-id=\"3157fc9\" data-element_type=\"widget\" data-widget_type=\"text-editor.default\">\n\t\t\t\t<div class=\"elementor-widget-container\">\n\t\t\t\t\t\t\t<p>Seitens unserer Interessengemeinschaft wurden folgende Varianten eingereicht:<\/p><p>Variante 15 Nordanbindung mit Untertunnelung der Hauptstra\u00dfe in H\u00fcgelsheim<br \/>Variante 16 Ostanbindung an die BAB 5 mit Untertunnelung im Naturschutzgebiet<br \/>Variante 17 Nordwestanbindung \u00fcber die Rheinseitenstra\u00dfe K 3758<\/p><p>Eine erste \u00dcberpr\u00fcfung auf absolute KO-Kriterien (siehe oben in gr\u00fcn) f\u00fchrte dazu, dass bereits 11 der 21 Varianten ausgeschlossen werden m\u00fcssen. Neben der Null-Variante sind noch 9 Varianten im Rennen. Unsere 3 eingereichten Varianten sind noch mit dabei.<\/p>\t\t\t\t\t\t<\/div>\n\t\t\t\t<\/div>\n\t\t\t\t<div class=\"elementor-element elementor-element-28563ad elementor-widget elementor-widget-image\" data-id=\"28563ad\" data-element_type=\"widget\" data-widget_type=\"image.default\">\n\t\t\t\t<div class=\"elementor-widget-container\">\n\t\t\t\t\t\t\t\t\t\t\t\t\t\t\t\t<a href=\"https:\/\/big-huegelsheim.de\/wp-content\/uploads\/2023\/11\/Varianten-Vorschlaege-Maerz-2023.png\" data-elementor-open-lightbox=\"yes\" data-elementor-lightbox-title=\"Varianten Vorschl\u00e4ge M\u00e4rz 2023\" data-e-action-hash=\"#elementor-action%3Aaction%3Dlightbox%26settings%3DeyJpZCI6MTAxMiwidXJsIjoiaHR0cHM6XC9cL2JpZy1odWVnZWxzaGVpbS5kZVwvd3AtY29udGVudFwvdXBsb2Fkc1wvMjAyM1wvMTFcL1ZhcmlhbnRlbi1Wb3JzY2hsYWVnZS1NYWVyei0yMDIzLWUxNzAwMDgzNjY5OTA1LnBuZyJ9\">\n\t\t\t\t\t\t\t<img loading=\"lazy\" decoding=\"async\" width=\"525\" height=\"364\" src=\"https:\/\/big-huegelsheim.de\/wp-content\/uploads\/2023\/11\/Varianten-Vorschlaege-Maerz-2023-e1700083669905.png\" class=\"attachment-large size-large wp-image-1012\" alt=\"\" srcset=\"https:\/\/big-huegelsheim.de\/wp-content\/uploads\/2023\/11\/Varianten-Vorschlaege-Maerz-2023-e1700083669905.png 564w, https:\/\/big-huegelsheim.de\/wp-content\/uploads\/2023\/11\/Varianten-Vorschlaege-Maerz-2023-e1700083669905-300x208.png 300w\" sizes=\"auto, 100vw\" \/>\t\t\t\t\t\t\t\t<\/a>\n\t\t\t\t\t\t\t\t\t\t\t\t\t\t\t<\/div>\n\t\t\t\t<\/div>\n\t\t\t\t<div class=\"elementor-element elementor-element-8713a52 elementor-widget elementor-widget-image\" data-id=\"8713a52\" data-element_type=\"widget\" data-widget_type=\"image.default\">\n\t\t\t\t<div class=\"elementor-widget-container\">\n\t\t\t\t\t\t\t\t\t\t\t\t\t\t\t\t<a href=\"https:\/\/big-huegelsheim.de\/wp-content\/uploads\/2023\/11\/Varianten-Stand-Oktober-2023.png\" data-elementor-open-lightbox=\"yes\" data-elementor-lightbox-title=\"Varianten Stand Oktober 2023\" data-e-action-hash=\"#elementor-action%3Aaction%3Dlightbox%26settings%3DeyJpZCI6MTAxNSwidXJsIjoiaHR0cHM6XC9cL2JpZy1odWVnZWxzaGVpbS5kZVwvd3AtY29udGVudFwvdXBsb2Fkc1wvMjAyM1wvMTFcL1ZhcmlhbnRlbi1TdGFuZC1Pa3RvYmVyLTIwMjMucG5nIn0%3D\">\n\t\t\t\t\t\t\t<img loading=\"lazy\" decoding=\"async\" width=\"525\" height=\"371\" src=\"https:\/\/big-huegelsheim.de\/wp-content\/uploads\/2023\/11\/Varianten-Stand-Oktober-2023.png\" class=\"attachment-large size-large wp-image-1015\" alt=\"\" srcset=\"https:\/\/big-huegelsheim.de\/wp-content\/uploads\/2023\/11\/Varianten-Stand-Oktober-2023.png 643w, https:\/\/big-huegelsheim.de\/wp-content\/uploads\/2023\/11\/Varianten-Stand-Oktober-2023-300x212.png 300w\" sizes=\"auto, 100vw\" \/>\t\t\t\t\t\t\t\t<\/a>\n\t\t\t\t\t\t\t\t\t\t\t\t\t\t\t<\/div>\n\t\t\t\t<\/div>\n\t\t\t\t<div class=\"elementor-element elementor-element-095e0d4 elementor-widget elementor-widget-text-editor\" data-id=\"095e0d4\" data-element_type=\"widget\" data-widget_type=\"text-editor.default\">\n\t\t\t\t<div class=\"elementor-widget-container\">\n\t\t\t\t\t\t\t<p>In einer zweiten Runde der \u00dcberpr\u00fcfung auf absolute KO-Kriterien (siehe oben in rot) werden Fl\u00e4chenschutz und nationaler Artenschutz zu bewerten sein. Die Runde wird dann abgehalten werden k\u00f6nnen, sobald das hierzu in Auftrag gegebene Gutachten vorliegen wird.<\/p><p>Der Fortgang des Verfahrens bis hin zum gemeinsam angestrebten Vorschlag einer Vorzugsvariante wurde in der Brosch\u00fcre des Landratsamts ebenfalls wie folgt skizziert:<\/p>\t\t\t\t\t\t<\/div>\n\t\t\t\t<\/div>\n\t\t\t\t<div class=\"elementor-element elementor-element-9b80304 elementor-widget elementor-widget-image\" data-id=\"9b80304\" data-element_type=\"widget\" data-widget_type=\"image.default\">\n\t\t\t\t<div class=\"elementor-widget-container\">\n\t\t\t\t\t\t\t\t\t\t\t\t<figure class=\"wp-caption\">\n\t\t\t\t\t\t\t\t\t\t\t<a href=\"https:\/\/big-huegelsheim.de\/wp-content\/uploads\/2023\/11\/Auswahlprozess.jpg\" data-elementor-open-lightbox=\"yes\" data-elementor-lightbox-title=\"Auswahlprozess\" data-e-action-hash=\"#elementor-action%3Aaction%3Dlightbox%26settings%3DeyJpZCI6MTAxMCwidXJsIjoiaHR0cHM6XC9cL2JpZy1odWVnZWxzaGVpbS5kZVwvd3AtY29udGVudFwvdXBsb2Fkc1wvMjAyM1wvMTFcL0F1c3dhaGxwcm96ZXNzLWUxNzAwMDg4NDA3OTMxLmpwZyJ9\">\n\t\t\t\t\t\t\t<img loading=\"lazy\" decoding=\"async\" width=\"525\" height=\"236\" src=\"https:\/\/big-huegelsheim.de\/wp-content\/uploads\/2023\/11\/Auswahlprozess-e1700088407931.jpg\" class=\"attachment-large size-large wp-image-1010\" alt=\"\" srcset=\"https:\/\/big-huegelsheim.de\/wp-content\/uploads\/2023\/11\/Auswahlprozess-e1700088407931.jpg 864w, https:\/\/big-huegelsheim.de\/wp-content\/uploads\/2023\/11\/Auswahlprozess-e1700088407931-300x135.jpg 300w, https:\/\/big-huegelsheim.de\/wp-content\/uploads\/2023\/11\/Auswahlprozess-e1700088407931-768x345.jpg 768w\" sizes=\"auto, 100vw\" \/>\t\t\t\t\t\t\t\t<\/a>\n\t\t\t\t\t\t\t\t\t\t\t<figcaption class=\"widget-image-caption wp-caption-text\">Auswahlprozess einer Vorzugstrasse<\/figcaption>\n\t\t\t\t\t\t\t\t\t\t<\/figure>\n\t\t\t\t\t\t\t\t\t<\/div>\n\t\t\t\t<\/div>\n\t\t\t\t<div class=\"elementor-element elementor-element-3225e2e elementor-widget elementor-widget-image\" data-id=\"3225e2e\" data-element_type=\"widget\" data-widget_type=\"image.default\">\n\t\t\t\t<div class=\"elementor-widget-container\">\n\t\t\t\t\t\t\t\t\t\t\t\t<figure class=\"wp-caption\">\n\t\t\t\t\t\t\t\t\t\t\t<a href=\"https:\/\/big-huegelsheim.de\/wp-content\/uploads\/2023\/11\/Naechsten-Schritte.jpg\" data-elementor-open-lightbox=\"yes\" data-elementor-lightbox-title=\"N\u00e4chsten Schritte\" data-e-action-hash=\"#elementor-action%3Aaction%3Dlightbox%26settings%3DeyJpZCI6MTAwOSwidXJsIjoiaHR0cHM6XC9cL2JpZy1odWVnZWxzaGVpbS5kZVwvd3AtY29udGVudFwvdXBsb2Fkc1wvMjAyM1wvMTFcL05hZWNoc3Rlbi1TY2hyaXR0ZS1lMTcwMDA4ODQ1ODUwNi5qcGcifQ%3D%3D\">\n\t\t\t\t\t\t\t<img loading=\"lazy\" decoding=\"async\" width=\"525\" height=\"278\" src=\"https:\/\/big-huegelsheim.de\/wp-content\/uploads\/2023\/11\/Naechsten-Schritte-e1700088458506.jpg\" class=\"attachment-large size-large wp-image-1009\" alt=\"\" srcset=\"https:\/\/big-huegelsheim.de\/wp-content\/uploads\/2023\/11\/Naechsten-Schritte-e1700088458506.jpg 964w, https:\/\/big-huegelsheim.de\/wp-content\/uploads\/2023\/11\/Naechsten-Schritte-e1700088458506-300x159.jpg 300w, https:\/\/big-huegelsheim.de\/wp-content\/uploads\/2023\/11\/Naechsten-Schritte-e1700088458506-768x406.jpg 768w\" sizes=\"auto, 100vw\" \/>\t\t\t\t\t\t\t\t<\/a>\n\t\t\t\t\t\t\t\t\t\t\t<figcaption class=\"widget-image-caption wp-caption-text\">N\u00e4chste Schritte<\/figcaption>\n\t\t\t\t\t\t\t\t\t\t<\/figure>\n\t\t\t\t\t\t\t\t\t<\/div>\n\t\t\t\t<\/div>\n\t\t\t\t\t<\/div>\n\t\t<\/div>\n\t\t\t\t\t\t\t<\/div>\n\t\t<\/section>\n\t\t\t\t\t\t\t<\/div>\n\t\t","protected":false},"excerpt":{"rendered":"<p>Update zur B\u00fcrgerbeteiligung: Aktive Mitwirkung an Arbeitsgruppen und Variantenvorschl\u00e4gen f\u00fcr die Verkehrsplanung in H\u00fcgelsheim Nach der Einladung im Februar letzten Jahres haben wir zwischenzeitlich an allen 5 Arbeitsgruppensitzungen zu den Themen Umwelt, Sozio-\u00d6konomie und Verkehr mit mehreren Teilnehmern aktiv mit zahlreichen Beitr\u00e4gen und Ausarbeitungen teilgenommen. Wir haben weiterhin auch mit einem Vertreter an den 5 &hellip; <\/p>\n<p class=\"link-more\"><a href=\"https:\/\/big-huegelsheim.de\/?page_id=1030\" class=\"more-link\"><span class=\"screen-reader-text\">\u201eStatus &#8222;Runder Tisch&#8220; im M\u00e4rz 2023\u201c <\/span>weiterlesen<\/a><\/p>\n","protected":false},"author":3,"featured_media":0,"parent":0,"menu_order":0,"comment_status":"closed","ping_status":"closed","template":"","meta":{"footnotes":""},"class_list":["post-1030","page","type-page","status-publish","hentry"],"yoast_head":"<!-- This site is optimized with the Yoast SEO plugin v24.9 - https:\/\/yoast.com\/wordpress\/plugins\/seo\/ -->\n<title>Status &quot;Runder Tisch&quot; im M\u00e4rz 2023 - BIG - H\u00fcgelsheim<\/title>\n<meta name=\"robots\" content=\"index, follow, max-snippet:-1, max-image-preview:large, max-video-preview:-1\" \/>\n<link rel=\"canonical\" href=\"https:\/\/big-huegelsheim.de\/?page_id=1030\" \/>\n<meta property=\"og:locale\" content=\"de_DE\" \/>\n<meta property=\"og:type\" content=\"article\" \/>\n<meta property=\"og:title\" content=\"Status &quot;Runder Tisch&quot; im M\u00e4rz 2023 - BIG - H\u00fcgelsheim\" \/>\n<meta property=\"og:description\" content=\"Update zur B\u00fcrgerbeteiligung: Aktive Mitwirkung an Arbeitsgruppen und Variantenvorschl\u00e4gen f\u00fcr die Verkehrsplanung in H\u00fcgelsheim Nach der Einladung im Februar letzten Jahres haben wir zwischenzeitlich an allen 5 Arbeitsgruppensitzungen zu den Themen Umwelt, Sozio-\u00d6konomie und Verkehr mit mehreren Teilnehmern aktiv mit zahlreichen Beitr\u00e4gen und Ausarbeitungen teilgenommen. Wir haben weiterhin auch mit einem Vertreter an den 5 &hellip; \u201eStatus &#8222;Runder Tisch&#8220; im M\u00e4rz 2023\u201c weiterlesen\" \/>\n<meta property=\"og:url\" content=\"https:\/\/big-huegelsheim.de\/?page_id=1030\" \/>\n<meta property=\"og:site_name\" content=\"BIG - H\u00fcgelsheim\" \/>\n<meta property=\"article:modified_time\" content=\"2023-11-21T07:30:20+00:00\" \/>\n<meta property=\"og:image\" content=\"https:\/\/big-huegelsheim.de\/wp-content\/uploads\/2023\/11\/Mitglieder-Runder-Tisch-e1700088784202-1024x664.jpg\" \/>\n<meta name=\"twitter:card\" content=\"summary_large_image\" \/>\n<script type=\"application\/ld+json\" class=\"yoast-schema-graph\">{\"@context\":\"https:\/\/schema.org\",\"@graph\":[{\"@type\":\"WebPage\",\"@id\":\"https:\/\/big-huegelsheim.de\/?page_id=1030\",\"url\":\"https:\/\/big-huegelsheim.de\/?page_id=1030\",\"name\":\"Status \\\"Runder Tisch\\\" im M\u00e4rz 2023 - BIG - H\u00fcgelsheim\",\"isPartOf\":{\"@id\":\"https:\/\/big-huegelsheim.de\/#website\"},\"primaryImageOfPage\":{\"@id\":\"https:\/\/big-huegelsheim.de\/?page_id=1030#primaryimage\"},\"image\":{\"@id\":\"https:\/\/big-huegelsheim.de\/?page_id=1030#primaryimage\"},\"thumbnailUrl\":\"https:\/\/big-huegelsheim.de\/wp-content\/uploads\/2023\/11\/Mitglieder-Runder-Tisch-e1700088784202-1024x664.jpg\",\"datePublished\":\"2023-11-13T09:48:24+00:00\",\"dateModified\":\"2023-11-21T07:30:20+00:00\",\"breadcrumb\":{\"@id\":\"https:\/\/big-huegelsheim.de\/?page_id=1030#breadcrumb\"},\"inLanguage\":\"de\",\"potentialAction\":[{\"@type\":\"ReadAction\",\"target\":[\"https:\/\/big-huegelsheim.de\/?page_id=1030\"]}]},{\"@type\":\"ImageObject\",\"inLanguage\":\"de\",\"@id\":\"https:\/\/big-huegelsheim.de\/?page_id=1030#primaryimage\",\"url\":\"https:\/\/big-huegelsheim.de\/wp-content\/uploads\/2023\/11\/Mitglieder-Runder-Tisch-e1700088784202.jpg\",\"contentUrl\":\"https:\/\/big-huegelsheim.de\/wp-content\/uploads\/2023\/11\/Mitglieder-Runder-Tisch-e1700088784202.jpg\",\"width\":1341,\"height\":869},{\"@type\":\"BreadcrumbList\",\"@id\":\"https:\/\/big-huegelsheim.de\/?page_id=1030#breadcrumb\",\"itemListElement\":[{\"@type\":\"ListItem\",\"position\":1,\"name\":\"Startseite\",\"item\":\"https:\/\/big-huegelsheim.de\/\"},{\"@type\":\"ListItem\",\"position\":2,\"name\":\"Status &#8220;Runder Tisch&#8221; im M\u00e4rz 2023\"}]},{\"@type\":\"WebSite\",\"@id\":\"https:\/\/big-huegelsheim.de\/#website\",\"url\":\"https:\/\/big-huegelsheim.de\/\",\"name\":\"BIG - H\u00fcgelsheim\",\"description\":\"B\u00fcrger Interessengemeinschaft Entwicklung H\u00fcgelsheim BIGH\",\"publisher\":{\"@id\":\"https:\/\/big-huegelsheim.de\/#organization\"},\"alternateName\":\"BIGH\",\"potentialAction\":[{\"@type\":\"SearchAction\",\"target\":{\"@type\":\"EntryPoint\",\"urlTemplate\":\"https:\/\/big-huegelsheim.de\/?s={search_term_string}\"},\"query-input\":{\"@type\":\"PropertyValueSpecification\",\"valueRequired\":true,\"valueName\":\"search_term_string\"}}],\"inLanguage\":\"de\"},{\"@type\":\"Organization\",\"@id\":\"https:\/\/big-huegelsheim.de\/#organization\",\"name\":\"BIG - H\u00fcgelsheim\",\"url\":\"https:\/\/big-huegelsheim.de\/\",\"logo\":{\"@type\":\"ImageObject\",\"inLanguage\":\"de\",\"@id\":\"https:\/\/big-huegelsheim.de\/#\/schema\/logo\/image\/\",\"url\":\"https:\/\/big-huegelsheim.de\/wp-content\/uploads\/2021\/05\/cropped-Laerm-e1621962532886.png\",\"contentUrl\":\"https:\/\/big-huegelsheim.de\/wp-content\/uploads\/2021\/05\/cropped-Laerm-e1621962532886.png\",\"width\":512,\"height\":512,\"caption\":\"BIG - H\u00fcgelsheim\"},\"image\":{\"@id\":\"https:\/\/big-huegelsheim.de\/#\/schema\/logo\/image\/\"}}]}<\/script>\n<!-- \/ Yoast SEO plugin. -->","yoast_head_json":{"title":"Status \"Runder Tisch\" im M\u00e4rz 2023 - BIG - H\u00fcgelsheim","robots":{"index":"index","follow":"follow","max-snippet":"max-snippet:-1","max-image-preview":"max-image-preview:large","max-video-preview":"max-video-preview:-1"},"canonical":"https:\/\/big-huegelsheim.de\/?page_id=1030","og_locale":"de_DE","og_type":"article","og_title":"Status \"Runder Tisch\" im M\u00e4rz 2023 - BIG - H\u00fcgelsheim","og_description":"Update zur B\u00fcrgerbeteiligung: Aktive Mitwirkung an Arbeitsgruppen und Variantenvorschl\u00e4gen f\u00fcr die Verkehrsplanung in H\u00fcgelsheim Nach der Einladung im Februar letzten Jahres haben wir zwischenzeitlich an allen 5 Arbeitsgruppensitzungen zu den Themen Umwelt, Sozio-\u00d6konomie und Verkehr mit mehreren Teilnehmern aktiv mit zahlreichen Beitr\u00e4gen und Ausarbeitungen teilgenommen. Wir haben weiterhin auch mit einem Vertreter an den 5 &hellip; \u201eStatus &#8222;Runder Tisch&#8220; im M\u00e4rz 2023\u201c weiterlesen","og_url":"https:\/\/big-huegelsheim.de\/?page_id=1030","og_site_name":"BIG - H\u00fcgelsheim","article_modified_time":"2023-11-21T07:30:20+00:00","og_image":[{"url":"https:\/\/big-huegelsheim.de\/wp-content\/uploads\/2023\/11\/Mitglieder-Runder-Tisch-e1700088784202-1024x664.jpg","type":"","width":"","height":""}],"twitter_card":"summary_large_image","schema":{"@context":"https:\/\/schema.org","@graph":[{"@type":"WebPage","@id":"https:\/\/big-huegelsheim.de\/?page_id=1030","url":"https:\/\/big-huegelsheim.de\/?page_id=1030","name":"Status \"Runder Tisch\" im M\u00e4rz 2023 - BIG - H\u00fcgelsheim","isPartOf":{"@id":"https:\/\/big-huegelsheim.de\/#website"},"primaryImageOfPage":{"@id":"https:\/\/big-huegelsheim.de\/?page_id=1030#primaryimage"},"image":{"@id":"https:\/\/big-huegelsheim.de\/?page_id=1030#primaryimage"},"thumbnailUrl":"https:\/\/big-huegelsheim.de\/wp-content\/uploads\/2023\/11\/Mitglieder-Runder-Tisch-e1700088784202-1024x664.jpg","datePublished":"2023-11-13T09:48:24+00:00","dateModified":"2023-11-21T07:30:20+00:00","breadcrumb":{"@id":"https:\/\/big-huegelsheim.de\/?page_id=1030#breadcrumb"},"inLanguage":"de","potentialAction":[{"@type":"ReadAction","target":["https:\/\/big-huegelsheim.de\/?page_id=1030"]}]},{"@type":"ImageObject","inLanguage":"de","@id":"https:\/\/big-huegelsheim.de\/?page_id=1030#primaryimage","url":"https:\/\/big-huegelsheim.de\/wp-content\/uploads\/2023\/11\/Mitglieder-Runder-Tisch-e1700088784202.jpg","contentUrl":"https:\/\/big-huegelsheim.de\/wp-content\/uploads\/2023\/11\/Mitglieder-Runder-Tisch-e1700088784202.jpg","width":1341,"height":869},{"@type":"BreadcrumbList","@id":"https:\/\/big-huegelsheim.de\/?page_id=1030#breadcrumb","itemListElement":[{"@type":"ListItem","position":1,"name":"Startseite","item":"https:\/\/big-huegelsheim.de\/"},{"@type":"ListItem","position":2,"name":"Status &#8220;Runder Tisch&#8221; im M\u00e4rz 2023"}]},{"@type":"WebSite","@id":"https:\/\/big-huegelsheim.de\/#website","url":"https:\/\/big-huegelsheim.de\/","name":"BIG - H\u00fcgelsheim","description":"B\u00fcrger Interessengemeinschaft Entwicklung H\u00fcgelsheim BIGH","publisher":{"@id":"https:\/\/big-huegelsheim.de\/#organization"},"alternateName":"BIGH","potentialAction":[{"@type":"SearchAction","target":{"@type":"EntryPoint","urlTemplate":"https:\/\/big-huegelsheim.de\/?s={search_term_string}"},"query-input":{"@type":"PropertyValueSpecification","valueRequired":true,"valueName":"search_term_string"}}],"inLanguage":"de"},{"@type":"Organization","@id":"https:\/\/big-huegelsheim.de\/#organization","name":"BIG - H\u00fcgelsheim","url":"https:\/\/big-huegelsheim.de\/","logo":{"@type":"ImageObject","inLanguage":"de","@id":"https:\/\/big-huegelsheim.de\/#\/schema\/logo\/image\/","url":"https:\/\/big-huegelsheim.de\/wp-content\/uploads\/2021\/05\/cropped-Laerm-e1621962532886.png","contentUrl":"https:\/\/big-huegelsheim.de\/wp-content\/uploads\/2021\/05\/cropped-Laerm-e1621962532886.png","width":512,"height":512,"caption":"BIG - H\u00fcgelsheim"},"image":{"@id":"https:\/\/big-huegelsheim.de\/#\/schema\/logo\/image\/"}}]}},"_links":{"self":[{"href":"https:\/\/big-huegelsheim.de\/index.php?rest_route=\/wp\/v2\/pages\/1030","targetHints":{"allow":["GET"]}}],"collection":[{"href":"https:\/\/big-huegelsheim.de\/index.php?rest_route=\/wp\/v2\/pages"}],"about":[{"href":"https:\/\/big-huegelsheim.de\/index.php?rest_route=\/wp\/v2\/types\/page"}],"author":[{"embeddable":true,"href":"https:\/\/big-huegelsheim.de\/index.php?rest_route=\/wp\/v2\/users\/3"}],"replies":[{"embeddable":true,"href":"https:\/\/big-huegelsheim.de\/index.php?rest_route=%2Fwp%2Fv2%2Fcomments&post=1030"}],"version-history":[{"count":88,"href":"https:\/\/big-huegelsheim.de\/index.php?rest_route=\/wp\/v2\/pages\/1030\/revisions"}],"predecessor-version":[{"id":1819,"href":"https:\/\/big-huegelsheim.de\/index.php?rest_route=\/wp\/v2\/pages\/1030\/revisions\/1819"}],"wp:attachment":[{"href":"https:\/\/big-huegelsheim.de\/index.php?rest_route=%2Fwp%2Fv2%2Fmedia&parent=1030"}],"curies":[{"name":"wp","href":"https:\/\/api.w.org\/{rel}","templated":true}]}}